{"id":135,"date":"2019-01-09T21:15:55","date_gmt":"2019-01-09T21:15:55","guid":{"rendered":"http:\/\/www.danielthizy.fr\/?page_id=135"},"modified":"2024-04-15T06:28:51","modified_gmt":"2024-04-15T10:28:51","slug":"fr-etape-05-2","status":"publish","type":"page","link":"https:\/\/danielthizy.fr\/compostelle\/de-marcenod-a-compostelle\/compostelle-france\/fr-etape-05-2","title":{"rendered":"Fr &#8211; \u00c9tape 05"},"content":{"rendered":"\n<p class=\"has-text-color\" style=\"color:#03709f;font-size:25px\"><strong>Vendredi 5 ao\u00fbt 2005<br>Retournac (Hte Loire) &#8211; Vorey-sur-Arzon (Hte Loire) 18 km * Cumul 119 km<\/strong><\/p>\n\n\n\n<figure class=\"wp-block-image\"><a href=\"https:\/\/graphhopper.com\/maps\/?point=45.199632%2C4.032884&amp;point=45.220909%2C3.941441_43810+Roche-en-R%C3%A9gnier%2C+France&amp;point=45.186461%2C3.909276_43800+Vorey-sur-Arzon%2C+France&amp;profile=hike&amp;layer=TF+Outdoors\" target=\"_blank\" rel=\"noopener noreferrer\"><img loading=\"lazy\" decoding=\"async\" width=\"926\" height=\"565\" src=\"https:\/\/localhost\/compostelle\/wp-content\/uploads\/2019\/01\/2005.0801.carte05.Retournac-VoreysurArzon.jpg\" alt=\"2005.0801.carte05.Retournac-VoreysurArzon\" class=\"wp-image-44\" srcset=\"https:\/\/danielthizy.fr\/compostelle\/wp-content\/uploads\/2019\/01\/2005.0801.carte05.Retournac-VoreysurArzon.jpg 926w, https:\/\/danielthizy.fr\/compostelle\/wp-content\/uploads\/2019\/01\/2005.0801.carte05.Retournac-VoreysurArzon-300x183.jpg 300w, https:\/\/danielthizy.fr\/compostelle\/wp-content\/uploads\/2019\/01\/2005.0801.carte05.Retournac-VoreysurArzon-768x469.jpg 768w\" sizes=\"auto, (max-width: 926px) 100vw, 926px\" \/><\/a><\/figure>\n\n\n\n<p class=\"has-drop-cap\">La nuit a \u00e9t\u00e9 un peu difficile car nous nous sommes aper\u00e7us\ntrop tard qu&rsquo;il n&rsquo;y avait pas de couvertures dans la caravane, et\nencore moins de chauffage. La temp\u00e9rature est para\u00eet-il descendue \u00e0\n5\u00b0 pendant la nuit. Nous avons dormi dans le m\u00eame lit pour avoir\nplus chaud. Julie a m\u00eame enfil\u00e9 ma veste de pluie et avait encore\nfroid quand m\u00eame. Nous n&rsquo;avons pas vraiment bien dormi, en tous cas\npas assez pour 20\u20ac. Nous nous sommes lev\u00e9s un peu avant 7h,\ntransis de froid, et saut\u00e9 dans les pantalons. Les premiers rayons\ndu soleil faisaient fumer la Loire sur toute sa surface. Les canards\nsauvages s&rsquo;\u00e9taient d\u00e9j\u00e0 remis \u00e0 barboter sous l\u2019\u0153il perplexe\nd&rsquo;un h\u00e9ron cendr\u00e9. \n<\/p>\n\n\n\n<p>Nous prenons notre petit-d\u00e9jeuner dans un bistrot PMU de l&rsquo;autre\nc\u00f4t\u00e9 de la Loire. Julie a englouti une corbeille de pain, un carr\u00e9\nde beurre, 4 barquettes de confiture et un croissant. A 8h nous\nsommes en route pour 20 km de grimpette depuis les gorges de la Loire\njusqu&rsquo;\u00e0 Roche-en-R\u00e9gnier 980 m. Julie n&rsquo;a pas voulu monter \u00e0 la\ntour, j&rsquo;y suis donc all\u00e9 seul tandis qu&rsquo;elle redescendait sur Vorey\npoint final de notre \u00e9tape d&rsquo;aujourd&rsquo;hui, encore en bord de Loire. \n<\/p>\n\n\n\n<p>Ah, j&rsquo;allais oublier, des autochtones charitables nous ont offert\nde l&rsquo;eau \u00e0 Roche en R\u00e9gnier, puis 2 bi\u00e8res, puis \u00e0 manger. Nous\navons accept\u00e9 les 2 bi\u00e8res mais refus\u00e9 la nourriture car nous\nvoulions arriver t\u00f4t \u00e0 Vorey pour go\u00fbter au \u00ab\u00a0nirvana\u00a0\u00bb\ndes doigts de pieds en \u00e9ventail.<\/p>\n\n\n\n<p>Interminable descente sur Vorey pendant 2h sur un chemin\nrocailleux. Julie m&rsquo;attend pr\u00e8s de la pharmacie o\u00f9 elle vient de\ns&rsquo;acheter un tube de \u00ab&nbsp;D\u00e9contractyl Baume&nbsp;\u00bb. Nous avons\nbeau nous pommader chaque soir, nous avons toujours les jambes aussi\nlourdes \u00e0 l&rsquo;arriv\u00e9e. Nous r\u00e9cup\u00e9rons les cl\u00e9s au resto \u00ab&nbsp;Les\nrives de l&rsquo;Arzon&nbsp;\u00bb et filons vers notre dortoir municipal \u00e0 6\u20ac\nla nuit. \n<\/p>\n\n\n\n<p>Superbe ! C&rsquo;est grand, une vingtaine de lits, propre, et bien\n\u00e9quip\u00e9. Nous retrouvons ici notre ami tch\u00e8que rencontr\u00e9 au g\u00eete\nde St-Jean-Soleymieux. Il ne parle pas fran\u00e7ais mais nous arrivons \u00e0\nnous comprendre en anglais. Nous \u00e9changeons nos adresses\npersonnelles postales et internet. Parti il y a 2 mois de la\nfronti\u00e8re germano-tch\u00e8que, il fait des \u00e9tapes aussi modestes que\nles n\u00f4tres. Douche, courses, d\u00eener : 6 tomates \u00e0 la mozzarella, 1\npaella surgel\u00e9e et 2 bi\u00e8res que nous avons d\u00e9j\u00e0 englouties sur\nles marches de la mairie devant le libre-service Casino. \n<\/p>\n\n\n\n<p>Il est 21h30, nous sommes en train de boire un coup devant une fontaine. Julie a sommeil et \u00ab&nbsp;des frissons&nbsp;\u00bb me demande-t-elle de pr\u00e9ciser. Nous regagnons nos P\u00e9nates proches. Nous avons pris des coups de soleil sur les bras et le visage aujourd&rsquo;hui, demain, il va falloir \u00eatre prudents.<\/p>\n\n\n\n<p class=\"has-text-align-center has-text-color has-medium-font-size\" style=\"color:#0375a6\"><em><strong>Cliquez sur la miniature pour voir les photos&#8230; (Touche \u00ab\u00a0\u00e9chap\u00a0\u00bb pour quitter)<\/strong><\/em><\/p>\n\n\n\n<style id=\"bwg-style-0\">      #bwg_container1_0 #bwg_container2_0 .image_browser_images_conteiner_0 * {        -moz-box-sizing: border-box;        box-sizing: border-box;      }      #bwg_container1_0 #bwg_container2_0 .image_browser_images_conteiner_0{\t\tbackground-color: rgba(255, 255, 255, 0.90);\t\ttext-align: center;\t\twidth: 100%;\t\tborder-style: solid;\t\tborder-width: 1px;\t\tborder-color: #EDEDED;\t\tpadding: 4px;\t\tborder-radius: 0;\t\tposition:relative;      }      #bwg_container1_0 #bwg_container2_0 .image_browser_images_0 {\t\tdisplay: inline-block;\t\t-moz-box-sizing: border-box;\t\tbox-sizing: border-box;\t\tfont-size: 0;\t\ttext-align: center;\t\tmax-width: 100%;\t\twidth: 100%;      }      #bwg_container1_0 #bwg_container2_0 .image_browser_image_buttons_conteiner_0 {\t\ttext-align: center;      }      #bwg_container1_0 #bwg_container2_0 .image_browser_image_buttons_0 {\t\tdisplay: inline-block;\t\twidth:100%;      }      #bwg_container1_0 #bwg_container2_0 .bwg_image_browser_image_0 {        background-color: rgba(232, 232, 232, 0.80);\t\ttext-align: center;\t\tdisplay: inline-block;\t\tvertical-align: middle;\t\tmargin: 2px auto;\t\tpadding: 4px;\t\tborder-radius: 2px;\t\tborder: 1px none #E8E8E8;\t\tbox-shadow: ;\t\tmax-width: 100px;\t\twidth: 100%;\t\t\/*z-index: 100;*\/\t\tposition: relative;      }      #bwg_container1_0 #bwg_container2_0 .bwg_image_alt_0{\t\tdisplay: table;\t\twidth: 100%;\t\tfont-size: 14px;\t\tfont-family: Ubuntu;\t\tcolor: #000000;\t\ttext-align:center;\t\tpadding-left: 8px;        word-break: break-word;      }      #bwg_container1_0 #bwg_container2_0 .bwg_image_browser_img_0 {        padding: 0 !important;\t\tmax-width: 100% !important;\t\theight: inherit !important;\t\twidth: 100%;      }      @media only screen and (max-width : 320px) {\t\t#bwg_container1_0 #bwg_container2_0 .displaying-num_0 {\t\t  display: none;\t\t}\t\t#bwg_container1_0 #bwg_container2_0 .bwg_image_alt_0 {\t\t  font-size: 10px !important;\t\t}\t\t#bwg_container1_0 #bwg_container2_0 .bwg_watermark_text_0,\t\t#bwg_container1_0 #bwg_container2_0 .bwg_watermark_text_0:hover {\t\t  font-size: 10px !important;\t\t  text-decoration: none;\t\t  margin: 4px;\t\t  font-family: Arial;\t\t  color: #FFFFFF !important;\t\t  opacity: 0.30;\t\t  text-decoration: none;\t\t  position: relative;\t\t  z-index: 10141;\t\t}\t\t#bwg_container1_0 #bwg_container2_0 .bwg_image_browser_image_description_0 {\t\t  color: #000000;\t\t  display: table;\t\t  width: 100%;\t\t  text-align: left;\t\t  font-size: 8px !important;\t\t  font-family: Ubuntu;\t\t  padding: 8px 8px 8px 8px;\t\t  \/*word-break: break-all;*\/\t\t  border-style: none;\t\t  background-color: #E8E8E8;\t\t  border-radius: 0;\t\t  border-width: 1px;\t\t}\t\t#bwg_container1_0 #bwg_container2_0 .tablenav-pages_0 a {\t\t  font-size: 10px !important;\t\t}      }      #bwg_container1_0 #bwg_container2_0 .bwg_image_browser_image_desp_0 {\t\t\t\tdisplay: table;\t\t\t\tclear: both;\t\t\t\ttext-align: center;        padding: 24px 0px 0px 0px;\t\t\t\twidth: 100%;      }      #bwg_container1_0 #bwg_container2_0 .bwg_image_browser_image_description_0 {        color: #000000;\t\tdisplay: table;\t\twidth: 100%;\t\ttext-align: left;\t\tfont-size: 14px;\t\tfont-family: Ubuntu;\t\tpadding: 8px 8px 8px 8px;\t\tword-break: break-word;\t\tborder-style: none;\t\tbackground-color: #E8E8E8;\t\tborder-radius: 0;\t\tborder-width: 1px;      }      #bwg_container1_0 #bwg_container2_0 .bwg_image_browser_image_alt_0 {      \tdisplay:table;        clear: both;        text-align: center;        padding: 8px;        width: 100%;      }      \/*watermark*\/      #bwg_container1_0 #bwg_container2_0 .bwg_watermark_text_0,      #bwg_container1_0 #bwg_container2_0 .bwg_watermark_text_0:hover {        text-decoration: none;        margin: 4px;        font-size: 20px;        font-family: Arial;        color: #FFFFFF !important;        opacity: 0.30;        position: relative;        z-index: 10141;      }      #bwg_container1_0 #bwg_container2_0 .bwg_image_browser_image_contain_0{        position: absolute;        text-align: center;        vertical-align: middle;        width: 100%;        height: 100%;        cursor: pointer;      }      #bwg_container1_0 #bwg_container2_0 .bwg_image_browser_watermark_contain_0{        display: table;        vertical-align: middle;        width: 100%;        height: 100%;      }\t       #bwg_container1_0 #bwg_container2_0 .bwg_image_browser_watermark_cont_0{        display: table-cell;        text-align: ;        position: relative;        vertical-align: ;      }      #bwg_container1_0 #bwg_container2_0 .bwg_image_browser_watermark_0{\t\tdisplay: inline-block;\t\toverflow: hidden;\t\tposition: relative;\t\tvertical-align: middle;\t\tz-index: 10140;\t\twidth: 90px;\t\tmax-width: 90%;\t\tmargin: 10px 10px 10px 10px ;      }      #bwg_container1_0 #bwg_container2_0 .bwg_image_browser_watermark_text_0{        display: inline-block;\t\toverflow: hidden;\t\tposition: relative;\t\tvertical-align: middle;\t\tz-index: 10140;\t\tmargin: 10px 10px 10px 10px;      }      #bwg_container1_0 #bwg_container2_0 .bwg_image_browser_watermark_img_0{        max-width: 100%;        opacity: 0.30;        position: relative;        z-index: 10141;      }      #bwg_container1_0 #bwg_container2_0 .bwg_none_selectable {        -webkit-touch-callout: none;        -webkit-user-select: none;        -khtml-user-select: none;        -moz-user-select: none;        -ms-user-select: none;        user-select: none;       ecoration: none;    }    #bwg_container1_0 #bwg_container2_0 .bwg_gal_title_0 {      background-color: rgba(0, 0, 0, 0);      color: #323A45;      display: block;      font-family: Ubuntu;      font-size: 16px;      font-weight: bold;      padding: 2px;      text-shadow: 0px 0px 0px #888888;      text-align: center;    }    <\/style>    <div id=\"bwg_container1_0\"         class=\"bwg_container bwg_thumbnail bwg_image_browser \"         data-right-click-protection=\"0\"         data-bwg=\"0\"         data-scroll=\"0\"         data-gallery-type=\"image_browser\"         data-gallery-view-type=\"image_browser\"         data-current-url=\"\/compostelle\/wp-json\/wp\/v2\/pages\/135\"         data-lightbox-url=\"https:\/\/danielthizy.fr\/compostelle\/wp-admin\/admin-ajax.php?action=GalleryBox&#038;current_view=0&#038;gallery_id=5&#038;tag=0&#038;theme_id=2&#038;shortcode_id=12&#038;sort_by=filename&#038;order_by=asc&#038;current_url=%2Fcompostelle%2Fwp-json%2Fwp%2Fv2%2Fpages%2F135\"         data-gallery-id=\"5\"         data-popup-width=\"800\"         data-popup-height=\"500\"         data-is-album=\"gallery\"         data-buttons-position=\"bottom\">      <div id=\"bwg_container2_0\">             <div id=\"ajax_loading_0\" class=\"bwg_loading_div_1\">      <div class=\"bwg_loading_div_2\">        <div class=\"bwg_loading_div_3\">          <div id=\"loading_div_0\" class=\"bwg_spider_ajax_loading\">          <\/div>        <\/div>      <\/div>    <\/div>            <form id=\"gal_front_form_0\"              class=\"bwg-hidden\"              method=\"post\"              action=\"#\"              data-current=\"0\"              data-shortcode-id=\"12\"              data-gallery-type=\"image_browser\"              data-gallery-id=\"5\"              data-tag=\"0\"              data-album-id=\"0\"              data-theme-id=\"2\"              data-ajax-url=\"https:\/\/danielthizy.fr\/compostelle\/wp-admin\/admin-ajax.php?action=bwg_frontend_data\">          <div id=\"bwg_container3_0\" class=\"bwg-background bwg-background-0\">            \t  <div id=\"bwg_image_browser_0\" class=\"image_browser_images_conteiner_0 bwg-image_browser-images-wrapper bwg-container\"         data-params='{&quot;is_pro&quot;:false,&quot;image_right_click&quot;:&quot;0&quot;,&quot;gallery_id&quot;:&quot;5&quot;}'         data-bwg=\"0\"         data-lightbox-url=\"https:\/\/danielthizy.fr\/compostelle\/wp-admin\/admin-ajax.php?action=GalleryBox&#038;current_view=0&#038;gallery_id=5&#038;tag=0&#038;theme_id=2&#038;shortcode_id=12&#038;sort_by=filename&#038;order_by=asc&#038;current_url=%2Fcompostelle%2Fwp-json%2Fwp%2Fv2%2Fpages%2F135\">      <div class=\"image_browser_images_0\">                  <div class=\"image_browser_image_buttons_conteiner_0\">            <div class=\"image_browser_image_buttons_0\">                            <div class=\"bwg_image_browser_image_0\">                                  <a style=\"position:relative;\"  class=\"bwg-a bwg_lightbox\" data-image-id=\"286\" data-elementor-open-lightbox=\"no\">                    <img decoding=\"async\" class=\"skip-lazy bwg-item0 bwg_image_browser_img bwg_image_browser_img_0 \"                         src=\"https:\/\/danielthizy.fr\/compostelle\/wp-content\/uploads\/photo-gallery\/Fr-etape05\/2005.0805.0643.00.Etape_05.jpg?bwg=1547067145\"                         data-src=\"https:\/\/danielthizy.fr\/compostelle\/wp-content\/uploads\/photo-gallery\/Fr-etape05\/2005.0805.0643.00.Etape_05.jpg?bwg=1547067145\"                         alt=\"2005.0805.0643.00.Etape 05\"                         title=\"2005.0805.0643.00.Etape 05\" \/>                  <\/a>                                <\/div>                          <\/div>          <\/div>                <\/div>    <\/div>    <style>      \/*pagination styles*\/      #bwg_container1_0 #bwg_container2_0 .tablenav-pages_0 {\t\t\t\ttext-align: center;\t\t\t\tfont-size: 12px;\t\t\t\tfont-family: Ubuntu;\t\t\t\tfont-weight: bold;\t\t\t\tcolor: #666666;\t\t\t\tmargin: 6px 0 4px;\t\t\t\tdisplay: block;      }      @media only screen and (max-width : 320px) {      #bwg_container1_0 #bwg_container2_0 .displaying-num_0 {     \t display: none;      }      }      #bwg_container1_0 #bwg_container2_0 .displaying-num_0 {\t\t\t\tfont-size: 12px;\t\t\t\tfont-family: Ubuntu;\t\t\t\tfont-weight: bold;\t\t\t\tcolor: #666666;\t\t\t\tmargin-right: 10px;\t\t\t\tvertical-align: middle;      }      #bwg_container1_0 #bwg_container2_0 .paging-input_0 {\t\t\t\tfont-size: 12px;\t\t\t\tfont-family: Ubuntu;\t\t\t\tfont-weight: bold;\t\t\t\tcolor: #666666;\t\t\t\tvertical-align: middle;      }      #bwg_container1_0 #bwg_container2_0 .tablenav-pages_0 a.disabled,      #bwg_container1_0 #bwg_container2_0 .tablenav-pages_0 a.disabled:hover,      #bwg_container1_0 #bwg_container2_0 .tablenav-pages_0 a.disabled:focus,\t\t\t#bwg_container1_0 #bwg_container2_0 .tablenav-pages_0 input.bwg_current_page {\t\t\t\tcursor: default;\t\t\t\tcolor: rgba(102, 102, 102, 0.5);      }      #bwg_container1_0 #bwg_container2_0 .tablenav-pages_0 a,      #bwg_container1_0 #bwg_container2_0 .tablenav-pages_0 input.bwg_current_page {\t\t\t\tcursor: pointer;\t\t\t\ttext-align: center;\t\t\t\tfont-size: 12px;\t\t\t\tfont-family: Ubuntu;\t\t\t\tfont-weight: bold;\t\t\t\tcolor: #666666;\t\t\t\ttext-decoration: none;\t\t\t\tpadding: 3px 6px;\t\t\t\tmargin: 0;\t\t\t\tborder-radius: 0;\t\t\t\tborder-style: none;\t\t\t\tborder-width: 1px;\t\t\t\tborder-color: #E3E3E3;\t\t\t\t\t\t\t\tbackground-color: rgba(252, 252, 252, 1.00);\t\t\t\tbox-shadow: 0;\t\t\t\ttransition: all 0.3s ease 0s;-webkit-transition: all 0.3s ease 0s;      }            #bwg_container1_0 #bwg_container2_0 .tablenav-pages_0 a.next-page:hover,      #bwg_container1_0 #bwg_container2_0 .tablenav-pages_0 a.prev-page:hover {        color: #000000;      }      #bwg_container1_0 #bwg_container2_0 .tablenav-pages_0 .first-page,      #bwg_container1_0 #bwg_container2_0 .tablenav-pages_0 .last-page {        padding: 0% 7%;      }      #bwg_container1_0 #bwg_container2_0 .tablenav-pages_0 .next-page {        margin: 0% 4% 0% 0%;      }      #bwg_container1_0 #bwg_container2_0 .tablenav-pages_0 .prev-page {        margin: 0% 0% 0% 4%;      }      #bwg_container1_0 #bwg_container2_0 .tablenav-pages_0 a {        font-size: 15px !important;        padding: 0% 7% !important;        border-style: none !important;        border-width: 1px;        border-color: #E3E3E3;        background-color: #FCFCFC;        opacity: 1.00;        transition: all 0.3s ease 0s;-webkit-transition: all 0.3s ease 0s;      }      .bwg_image_browser#bwg_container1_0 #bwg_container2_0 .tablenav-pages_0 a {         padding: 0% 11% !important;      }\t\t\t#bwg_container1_0 #bwg_container2_0 .tablenav-pages_0 {        background-color: rgba(255, 255, 255, 0.90);        margin-top: 0;      }      .bwg_image_browser  .pagination-links_0 {        white-space: nowrap;      }      @media screen and (max-width: 465px) {        .bwg_image_browser#bwg_container1_0 #bwg_container2_0 .tablenav-pages_0 a {          padding: 0% 5% !important;          font-size: 13px;        }      }      <\/style>      <span class=\"bwg_nav_cont_0\">              <div class=\"tablenav-pages_0\">                      <span class=\"pagination-links_0 pagination-links\" data-pages-count=\"33\">              <span class=\"pagination-links_col1\">              <a class=\"bwg-a first-page disabled\" title=\"Go to the first page\" >\u00ab<\/a>              <a class=\"bwg-a prev-page disabled\" title=\"Go to the previous page\" >\u2039<\/a>              <\/span>\t\t\t\t\t\t\t<span class=\"pagination-links_col2\">\t\t\t\t\t\t\t\t\t<input type=\"number\" class=\"bwg_current_page\" name=\"bwg_current_page\" value=\"1\" data-url-info=\"page_number_0\" onkeypress=\"return bwg_change_page_0(event, this)\" min=\"1\" oninput=\"validity.valid||(value='')\" \/>\t\t\t\t\t\t\t\t\t\tof\t\t\t\t\t\t\t\t\t\t<span class=\"total-pages_0\">\t\t\t\t\t\t\t\t\t\t\t33\t\t\t\t\t\t\t\t\t\t<\/span>\t\t\t\t\t\t\t<\/span>              <span class=\"pagination-links_col3\">                <a class=\"bwg-a next-page-0\" title=\"Go to the next page\" href=\"\/compostelle\/wp-json\/wp\/v2\/pages\/135?page_number_0=2\">\u203a<\/a>                <a class=\"bwg-a last-page-0\" title=\"Go to the last page\" href=\"\/compostelle\/wp-json\/wp\/v2\/pages\/135?page_number_0=33\">\u00bb<\/a>              <\/span>\t\t\t\t\t\t<\/span>\t\t\t\t\t\t        <\/div>                <input type=\"hidden\" id=\"page_number_0\" name=\"page_number_0\" value=\"1\" \/>      <script type=\"text\/javascript\">        if( jQuery('.bwg_nav_cont_0').length > 1 ) {          jQuery('.bwg_nav_cont_0').first().remove()        }        function spider_page_0(cur, x, y, load_more) {          if (typeof load_more == \"undefined\") {            var load_more = false;          }          if (jQuery(cur).hasClass('disabled')) {            return false;          }          var items_county_0 = 33;          switch (y) {            case 1:              if (x >= items_county_0) {                document.getElementById('page_number_0').value = items_county_0;              }              else {                document.getElementById('page_number_0').value = x + 1;              }              break;            case 2:              document.getElementById('page_number_0').value = items_county_0;              break;            case -1:              if (x == 1) {                document.getElementById('page_number_0').value = 1;              }              else {                document.getElementById('page_number_0').value = x - 1;              }              break;            case -2:              document.getElementById('page_number_0').value = 1;              break;\t\t\t\t\t\tcase 0:              document.getElementById('page_number_0').value = x;              break;            default:              document.getElementById('page_number_0').value = 1;          }          bwg_ajax('gal_front_form_0', '0', 'bwg_image_browser_0', '0', '', 'gallery', 0, '', '', load_more, '', 1);        }                    jQuery('.first-page disabled').on('click', function () {              spider_page_0(this, 1, -2, 'numeric');              return false;            });            jQuery('.prev-page disabled').on('click', function () {              spider_page_0(this, 1, -1, 'numeric');              return false;            });            jQuery('.next-page-0').on('click', function () {              spider_page_0(this, 1, 1, 'numeric');              return false;            });            jQuery('.last-page-0').on('click', function () {              spider_page_0(this, 1, 2, 'numeric');              return false;            });        \t\t\t\t\/* Change page on input enter. *\/        function bwg_change_page_0( e, that ) {          if (  e.key == 'Enter' ) {            var to_page = parseInt(jQuery(that).val());            var pages_count = jQuery(that).parents(\".pagination-links\").data(\"pages-count\");            var current_url_param = jQuery(that).attr('data-url-info');            if (to_page > pages_count) {              to_page = 1;            }\t \t\t\t\t\t\t\t\t\t\t\t\tspider_page_0(this, to_page, 0, 'numeric');\t\t\t\t\t\t\treturn false;\t\t\t\t\t\t          }          return true;        }        jQuery('.bwg_load_btn_0').on('click', function () {            spider_page_0(this, 1, 1, true);            return false;        });      <\/script>      <\/span>                <\/div>        <\/form>        <style>          #bwg_container1_0 #bwg_container2_0 #spider_popup_overlay_0 {          background-color: #000000;          opacity: 0.70;          }          <\/style>        <div id=\"bwg_spider_popup_loading_0\" class=\"bwg_spider_popup_loading\"><\/div>        <div id=\"spider_popup_overlay_0\" class=\"spider_popup_overlay\" onclick=\"spider_destroypopup(1000)\"><\/div>        <input type=\"hidden\" id=\"bwg_random_seed_0\" value=\"1231822090\">                <\/div>    <\/div>    <script>      if (document.readyState === 'complete') {        if( typeof bwg_main_ready == 'function' ) {          if ( jQuery(\"#bwg_container1_0\").height() ) {            bwg_main_ready(jQuery(\"#bwg_container1_0\"));          }        }      } else {        document.addEventListener('DOMContentLoaded', function() {          if( typeof bwg_main_ready == 'function' ) {            if ( jQuery(\"#bwg_container1_0\").height() ) {             bwg_main_ready(jQuery(\"#bwg_container1_0\"));            }          }        });      }    <\/script>    \n\n\n\n<h2 class=\"wp-block-heading has-text-align-center\"><em><strong><a href=\"https:\/\/danielthizy.fr\/compostelle\/fr-etape-06\/\" data-type=\"URL\">Parcourir l&rsquo;\u00e9tape suivante&#8230;<\/a><\/strong><\/em><\/h2>\n","protected":false},"excerpt":{"rendered":"<p>Vendredi 5 ao\u00fbt 2005Retournac (Hte Loire) &#8211; Vorey-sur-Arzon (Hte Loire) 18 km * Cumul 119 km La nuit a \u00e9t\u00e9 un peu difficile car nous nous sommes aper\u00e7us trop tard qu&rsquo;il n&rsquo;y avait pas de couvertures dans la caravane, et encore moins de chauffage. La temp\u00e9rature est para\u00eet-il descendue \u00e0 5\u00b0 pendant la nuit. Nous &#8230; <a title=\"Fr &#8211; \u00c9tape 05\" class=\"read-more\" href=\"https:\/\/danielthizy.fr\/compostelle\/de-marcenod-a-compostelle\/compostelle-france\/fr-etape-05-2\" aria-label=\"En savoir plus sur Fr &#8211; \u00c9tape 05\">Lire la suite<\/a><\/p>\n","protected":false},"author":1,"featured_media":0,"parent":374,"menu_order":6,"comment_status":"closed","ping_status":"closed","template":"","meta":{"two_page_speed":[],"footnotes":""},"class_list":["post-135","page","type-page","status-publish"],"_links":{"self":[{"href":"https:\/\/danielthizy.fr\/compostelle\/wp-json\/wp\/v2\/pages\/135","targetHints":{"allow":["GET"]}}],"collection":[{"href":"https:\/\/danielthizy.fr\/compostelle\/wp-json\/wp\/v2\/pages"}],"about":[{"href":"https:\/\/danielthizy.fr\/compostelle\/wp-json\/wp\/v2\/types\/page"}],"author":[{"embeddable":true,"href":"https:\/\/danielthizy.fr\/compostelle\/wp-json\/wp\/v2\/users\/1"}],"replies":[{"embeddable":true,"href":"https:\/\/danielthizy.fr\/compostelle\/wp-json\/wp\/v2\/comments?post=135"}],"version-history":[{"count":6,"href":"https:\/\/danielthizy.fr\/compostelle\/wp-json\/wp\/v2\/pages\/135\/revisions"}],"predecessor-version":[{"id":1757,"href":"https:\/\/danielthizy.fr\/compostelle\/wp-json\/wp\/v2\/pages\/135\/revisions\/1757"}],"up":[{"embeddable":true,"href":"https:\/\/danielthizy.fr\/compostelle\/wp-json\/wp\/v2\/pages\/374"}],"wp:attachment":[{"href":"https:\/\/danielthizy.fr\/compostelle\/wp-json\/wp\/v2\/media?parent=135"}],"curies":[{"name":"wp","href":"https:\/\/api.w.org\/{rel}","templated":true}]}}