{"id":1403,"date":"2021-01-18T17:26:07","date_gmt":"2021-01-18T21:26:07","guid":{"rendered":"https:\/\/localhost\/compostelle\/?page_id=1403"},"modified":"2024-09-12T09:29:02","modified_gmt":"2024-09-12T13:29:02","slug":"pc-conseils-dentretien","status":"publish","type":"page","link":"https:\/\/danielthizy.fr\/compostelle\/de-marcenod-a-compostelle\/tuto-xnview\/pc-conseils-dentretien","title":{"rendered":"PC &#8211; Conseils d&rsquo;entretien"},"content":{"rendered":"\n<p><strong>CONSEILS D&rsquo;ENTRETIEN D&rsquo;UN MICRO-ORDINATEUR sous WINDOWS 10<\/strong><\/p>\n\n\n\n<p>&#8211; Fermeture d\u2019un micro portable : Avant de rabattre l\u2019\u00e9cran sur le clavier, assurez-vous que toutes les lumi\u00e8res du panneau de contr\u00f4le (en haut du clavier ou sur le bord inf\u00e9rieur du micro) sont \u00c9TEINTES. Sinon Windows risque de ne pas red\u00e9marrer correctement,<\/p>\n\n\n\n<p>&#8211; Conna\u00eetre la version Windows install\u00e9e sur votre ordinateur : Cliquer sur la petite fen\u00eatre blanche\/noire en haut\/bas \u00e0 gauche de la barre des t\u00e2ches : Param\u00e8tres (la rosace) \/ Syst\u00e8me \/ Informations Syst\u00e8me.<\/p>\n\n\n\n<p>&#8211; Disque C:\\WINDOWS: Ne stocker aucune donn\u00e9e sur ce disque qui est strictement r\u00e9serv\u00e9 \u00e0 Windows et aux programmes. Si vos donn\u00e9es sont m\u00e9lang\u00e9es avec Windows sur le disque C:, vous courez le danger de tout perdre en cas de plantage grave. Si votre micro ne comporte qu\u2019une seule partition (disque C:), il est fortement recommand\u00e9 de partager ce disque C: en deux partitions (C: et D:) et de transf\u00e9rer vos donn\u00e9es sur le disque (ou plus exactement la partition) D: (au besoin me contacter, je peux vous aider \u00e0 effectuer cette manipulation en prenant \u00e0 distance le contr\u00f4le de votre ordinateur).<\/p>\n\n\n\n<p>&#8211; Disque D:\\DONNEES (ou DATA): Ce disque est r\u00e9serv\u00e9 \u00e0 vos documents personnels.<\/p>\n\n\n\n<p>&#8211; Acc\u00e9der aux param\u00e8tres de votre micro : Cliquez gauche sur la petite fen\u00eatre blanche\/noire en haut\/bas \u00e0 gauche de votre \u00e9cran, descendez jusqu\u2019\u00e0 la petite rosace juste au-dessus de l\u2019ic\u00f4ne d\u2019extinction de Windows, clic gauche sur la rosace.<\/p>\n\n\n\n<p><strong>V\u00c9RIFIER<\/strong><strong> IMP\u00c9RATIVEMENT CHAQUE SEMAINE<\/strong> les mises \u00e0 jours (MAJ) Windows :<\/p>\n\n\n\n<p>Param\u00e8tres \/ Mises \u00e0 jour et s\u00e9curit\u00e9 \/ Rechercher les mises \u00e0 jour.<\/p>\n\n\n\n<p>Tr\u00e8s souvent la plupart des probl\u00e8mes rencontr\u00e9s sont dus \u00e0 la n\u00e9gligence des MAJ,<\/p>\n\n\n\n<p>Les MAJ Windows 10 \u00e9tant assez longues, vous pouvez les lancer le soir avant d\u2019aller vous coucher,<\/p>\n\n\n\n<p>&#8211; Faire les mises \u00e0 jour \u00ab\u00a0Adobe Flash Player\u00a0\u00bb en prenant soin de d\u00e9cocher l&rsquo;offre facultative \u00ab\u00a0McAfee Security Scan Plus\u00a0\u00bb (ou autres offres publicitaires).<\/p>\n\n\n\n<p><strong>FAIRE TR\u00c8S ATTENTION LORS DES INSTALLATIONS DE LOGICIELS :<\/strong><\/p>\n\n\n\n<p>* Souvenez-vous que plus vous installez de programmes sur votre ordinateur, plus cela le ralentira. N\u2019installez que les programmes strictement n\u00e9cessaires \u00e0 votre activit\u00e9,<\/p>\n\n\n\n<p>* Si vous avez un processeur 64 bits (cf Param\u00e8tres (la rosace) \/ Syst\u00e8me \/ Informations Syst\u00e8me), t\u00e9l\u00e9charger de pr\u00e9f\u00e9rence des logiciels 64 bits (plus efficaces) et non 32 bits.<\/p>\n\n\n\n<p>* T\u00e9l\u00e9charger de pr\u00e9f\u00e9rence depuis le site de l\u2019\u00e9diteur.<\/p>\n\n\n\n<p>* D\u00e9cocher toutes les cases qui essaient d&rsquo;installer en m\u00eame temps d&rsquo;autres logiciels pollueurs qui ne servent qu&rsquo;\u00e0 ralentir le micro et qui sont souvent tr\u00e8s difficiles \u00e0 d\u00e9sinstaller (exemple \u00ab\u00a0Delta Bar\u00a0\u00bb).<\/p>\n\n\n\n<p>* Optez toujours pour une \u00ab\u00a0installation personnalis\u00e9e\u00a0\u00bb car les installations \u00ab\u00a0automatiques\u00a0\u00bb ou \u00ab\u00a0silencieuses\u00a0\u00bb profitent souvent de votre na\u00efvet\u00e9 pour installer simultan\u00e9ment d&rsquo;autres logiciels ind\u00e9sirables.<\/p>\n\n\n\n<p><strong>ANTIVIRUS :<\/strong><\/p>\n\n\n\n<p>Aucun autre antivirus que celui de Windows 10 \u00ab\u00a0Windows Defender\u00a0\u00bb n&rsquo;est n\u00e9cessaire (sauf pour ceux qui jouent, t\u00e9l\u00e9chargent ill\u00e9galement ou fr\u00e9quente des sites porno).<\/p>\n\n\n\n<p><strong>NETTOYER VOTRE ORDINATEUR<\/strong><strong> :<\/strong><\/p>\n\n\n\n<p>Attention aux soi-disant \u00ab\u00a0optimiseurs\u00a0\u00bb (ou mise \u00e0 jour de drivers\/pilotes) qui ne visent qu\u2019\u00e0 profiter de votre na\u00efvet\u00e9 pour installer des saloperies.<\/p>\n\n\n\n<p>Je vous conseille d\u2019utiliser 1 fois par mois&nbsp;: Ccleaner, Adwcleaner.<\/p>\n\n\n\n<p>Au besoin ponctuellement Malewarebytes.<\/p>\n\n\n\n<p><strong>* Ccleaner<\/strong> : Utilisez la version gratuite, Prenez soin de d\u00e9sactiver toutes les cases qui vous proposent d\u2019installer d\u2019autres produits ainsi que \u00ab\u00a0View release notes\u00a0\u00bb. N&rsquo;utiliser que les options \u00ab\u00a0Nettoyeur\u00a0\u00bb et \u00ab\u00a0Registre\u00a0\u00bb sans rien modifier aux cases coch\u00e9es. Dans \u00ab Options \u00bb choisissez la langue fran\u00e7aise et d\u00e9sactivez le \u00ab Nettoyage intelligent \u00bb.<\/p>\n\n\n\n<p>T\u00e9l\u00e9charger Ccleaner : <a href=\"https:\/\/www.ccleaner.com\/ccleaner\/download\/standard\">https:\/\/www.ccleaner.com\/ccleaner\/download\/standard<\/a><\/p>\n\n\n\n<p><strong>* Adwcleaner<\/strong> supprime les barres d&rsquo;outils ind\u00e9sirables et autres cochonneries.<\/p>\n\n\n\n<p>T\u00e9l\u00e9charger Adwcleaner : <a href=\"https:\/\/downloads.malwarebytes.com\/file\/adwcleaner\">https:\/\/downloads.malwarebytes.com\/file\/adwcleaner<\/a><\/p>\n\n\n\n<p><strong>* Malewarebytes<\/strong> (gratuit 15 jours) supprime virus et logiciels espions, se met \u00e0 jour automatiquement, d\u00e9cocher les cases \u00ab\u00a0Premium (Trial)\u00a0\u00bb, \u00ab\u00a0Mise \u00e0 niveau\u00a0\u00bb, \u00ab\u00a0Activer (la License)\u00a0\u00bb, \u00ab\u00a0Upgrade\u00a0\u00bb, qui sont toutes des options payantes. D\u00e8s que vous en avez termin\u00e9 avec Malewarebytes, d\u00e9sinstallez-le car il ferait double emploi avec DEFENDER et risquerait de ralentir votre micro.<\/p>\n\n\n\n<p>T\u00e9l\u00e9charger Malewarebytes : <a href=\"https:\/\/fr.malwarebytes.com\/mwb-download\/thankyou\/\">https:\/\/fr.malwarebytes.com\/mwb-download\/thankyou\/<\/a><\/p>\n\n\n\n<p>Ces 3 outils: Ccleaner, Adwcleaner, Malewarebytes, sont \u00e0 utiliser 1 fois par mois pour d\u00e9polluer votre ordinateur. Aucun autre outil ne doit \u00eatre utilis\u00e9 sauf \u00e0 en bien conna\u00eetre l\u2019impact.<\/p>\n\n\n\n<p><strong>LENTEUR DE VOTRE MICRO-ORDINATEUR<\/strong><\/p>\n\n\n\n<p>N\u2019oubliez pas que, plus vous avez de fen\u00eatres et\/ou d\u2019onglets ouverts dans votre navigateur internet, plus votre micro sera lent.<\/p>\n\n\n\n<p><strong>F<\/strong><strong>IREFOX<\/strong> Utilisez de pr\u00e9f\u00e9rence ce navigateur libre et gratuit qui ne vous piste pas pour vous assaillir de publicit\u00e9s intempestives.<\/p>\n\n\n\n<p>En savoir plus sur Firefox : <a href=\"https:\/\/fr.wikipedia.org\/wiki\/Mozilla_Firefox\">https:\/\/fr.wikipedia.org\/wiki\/Mozilla_Firefox<\/a><\/p>\n\n\n\n<p>T\u00e9l\u00e9charger Firefox : <a href=\"https:\/\/www.mozilla.org\/fr\/firefox\/new\/\">https:\/\/www.mozilla.org\/fr\/firefox\/new\/<\/a><\/p>\n\n\n\n<p><strong>QWANT<\/strong> Utilisez un moteur de recherche fran\u00e7ais et europ\u00e9en <strong>QWANT<\/strong> aussi performant que Google mais qui respecte votre vie priv\u00e9e.<\/p>\n\n\n\n<p>En savoir plus sur Qwant : <a href=\"https:\/\/fr.wikipedia.org\/wiki\/Qwant\">https:\/\/fr.wikipedia.org\/wiki\/Qwant<\/a><\/p>\n\n\n\n<p>Faites de Qwant votre moteur de recherche par d\u00e9faut : <a href=\"https:\/\/addons.mozilla.org\/fr\/firefox\/addon\/qwantcom-for-firefox\/\">https:\/\/addons.mozilla.org\/fr\/firefox\/addon\/qwantcom-for-firefox\/<\/a><\/p>\n\n\n\n<p><strong>LIBRE OFFICE<\/strong> (libre et gratuit) au lieu de Microsoft Office (propri\u00e9taire et payant), m\u00eames fonctionnalit\u00e9s et inter compatibles. (Open Office est certes gratuit mais n\u2019est plus libre),<\/p>\n\n\n\n<p><a href=\"https:\/\/fr.libreoffice.org\/download\/libreoffice-stable\/\">https:\/\/fr.libreoffice.org\/download\/libreoffice-stable\/<\/a><\/p>\n\n\n\n<p><strong>MAILS<\/strong> : Si vous ne connaissez pas l&rsquo;exp\u00e9diteur, ne cliquez pas sur les liens contenus dans ce genre de mails. Vous risquez d&rsquo;installer sur votre micro des logiciels espions qui ne vous apporteront que des ennuis.<\/p>\n\n\n\n<p><strong>TESTER LA VITESSE DE VOTRE ACC\u00c8S INTERNET<\/strong> 2 sites parmi d\u2019autres:<\/p>\n\n\n\n<p><a href=\"https:\/\/www.speedtest.net\/fr\">https:\/\/www.speedtest.net\/fr<\/a><\/p>\n\n\n\n<p><a href=\"http:\/\/www.degrouptest.com\/test-debit.php\">http:\/\/www.degrouptest.com\/test-debit.php<\/a><\/p>\n\n\n\n<p><strong>GESTIONNAIRE DE MOT DE PASSE :<\/strong><\/p>\n\n\n\n<p>&#8211; D\u00e9sormais Mozilla propose un addon pour Firefox nomm\u00e9 Lockwise (compatible PC et mobiles).<\/p>\n\n\n\n<p>&#8211; Keepass (logiciel libre) : <a href=\"http:\/\/www.01net.com\/astuces\/bien-demarrer-avec-keepass-le-gestionnaire-de-mots-de-passe-open-source-1370018.html\">http:\/\/www.01net.com\/astuces\/bien-demarrer-avec-keepass-le-gestionnaire-de-mots-de-passe-open-source-1370018.html<\/a><\/p>\n\n\n\n<p>&#8211; Lastpass (gratuit sur PC, payant sur mobile): <a href=\"http:\/\/www.clubic.com\/telecharger-fiche416850-lastpass.html\">http:\/\/www.clubic.com\/telecharger-fiche416850-lastpass.html<\/a><\/p>\n\n\n\n<p><strong>PROT\u00c9GEZ VOTRE VIE PRIV\u00c9E :<\/strong><\/p>\n\n\n\n<p>Tous les sites internet, pour vous pister, utilisent la techniques des \u00ab cookies \u00bb, qui sont des petits bouts de programmes d\u00e9pos\u00e9s sur votre ordinateur, destin\u00e9s \u00e0 les renseigner sur vos agissements.<\/p>\n\n\n\n<p>La fa\u00e7on la plus radicale d\u2019\u00e9viter ce mouchardage consiste \u00e0 utiliser un gestionnaire de mots de passe qui remplira automatiquement vos identifiants \/ mots de passe ET de r\u00e9gler votre navigateur pour qu\u2019il supprime tous les cookies lorsque vous le fermez.<\/p>\n\n\n\n<p>Exemple avec Firefox : Utilisez Lockwise <a href=\"https:\/\/www.mozilla.org\/fr\/firefox\/lockwise\/\">https:\/\/www.mozilla.org\/fr\/firefox\/lockwise\/<\/a><\/p>\n\n\n\n<p>et dans Firefox, cliquez Outils\/Options\/ViePriv\u00e9eEtS\u00e9curit\u00e9, descendez jusqu\u2019au paragraphe \u00ab&nbsp;Cookies et donn\u00e9es de sites&nbsp;\u00bb, cochez la case \u00ab&nbsp;Supprimer les cookies et les donn\u00e9es des sites \u00e0 la fermeture de Firefox&nbsp;\u00bb<\/p>\n\n\n\n<p><strong>LES GAFAM&nbsp;:<\/strong><\/p>\n\n\n\n<p>Vous en avez certainement entendu parler&nbsp;: <strong>G<\/strong>OOGLE, <strong>A<\/strong>MAZON, <strong>F<\/strong>ACEBOOK, <strong>A<\/strong>PPLE, <strong>M<\/strong>ICROSOFT.<\/p>\n\n\n\n<p>Toutes, entreprises am\u00e9ricaines, \u00e0 tendance monopolistique.<\/p>\n\n\n\n<p>Google&nbsp;: chiffre d\u2019affaires 2018 180 milliards de dollars, autant que le PIB d\u2019un pays de 10 millions d\u2019habitants comme la Hongrie.<\/p>\n\n\n\n<p>Rappelez-vous l\u2019adage \u00ab&nbsp;Si c\u2019est gratuit c\u2019est que VOUS \u00eates le produit&nbsp;\u00bb<\/p>\n\n\n\n<p>D\u2019autre part ces \u00ab&nbsp;bo\u00eetes&nbsp;\u00bb pratiquent l\u2019optimisation fiscale. C\u2019est-\u00e0-dire d\u00e9clarent leurs ventes europ\u00e9ennes dans le pays le moins disant fiscal (souvent l\u2019Irlande ou le Luxembourg).<\/p>\n\n\n\n<p>Qui croyez-vous qui compense le manque \u00e0 gagner de l\u2019\u00c9tat&nbsp;?\u2026<\/p>\n\n\n\n<p>C\u2019est VOUS bien s\u00fbr, par vos imp\u00f4ts&nbsp;! Les monopoles tuent la concurrence. Pensez-y lorsque vous achetez&nbsp;!<\/p>\n\n\n\n<p><strong>NB :<\/strong> Pour des conseils compl\u00e9mentaires, vous pouvez me joindre par mail \u00e0 cette adresse : dthz@orange.fr<\/p>\n","protected":false},"excerpt":{"rendered":"<p>CONSEILS D&rsquo;ENTRETIEN D&rsquo;UN MICRO-ORDINATEUR sous WINDOWS 10 &#8211; Fermeture d\u2019un micro portable : Avant de rabattre l\u2019\u00e9cran sur le clavier, assurez-vous que toutes les lumi\u00e8res du panneau de contr\u00f4le (en haut du clavier ou sur le bord inf\u00e9rieur du micro) sont \u00c9TEINTES. Sinon Windows risque de ne pas red\u00e9marrer correctement, &#8211; Conna\u00eetre la version Windows &#8230; <a title=\"PC &#8211; Conseils d&rsquo;entretien\" class=\"read-more\" href=\"https:\/\/danielthizy.fr\/compostelle\/de-marcenod-a-compostelle\/tuto-xnview\/pc-conseils-dentretien\" aria-label=\"En savoir plus sur PC &#8211; Conseils d&rsquo;entretien\">Lire la suite<\/a><\/p>\n","protected":false},"author":2,"featured_media":0,"parent":756,"menu_order":7,"comment_status":"closed","ping_status":"closed","template":"","meta":{"two_page_speed":[],"footnotes":""},"class_list":["post-1403","page","type-page","status-publish"],"_links":{"self":[{"href":"https:\/\/danielthizy.fr\/compostelle\/wp-json\/wp\/v2\/pages\/1403","targetHints":{"allow":["GET"]}}],"collection":[{"href":"https:\/\/danielthizy.fr\/compostelle\/wp-json\/wp\/v2\/pages"}],"about":[{"href":"https:\/\/danielthizy.fr\/compostelle\/wp-json\/wp\/v2\/types\/page"}],"author":[{"embeddable":true,"href":"https:\/\/danielthizy.fr\/compostelle\/wp-json\/wp\/v2\/users\/2"}],"replies":[{"embeddable":true,"href":"https:\/\/danielthizy.fr\/compostelle\/wp-json\/wp\/v2\/comments?post=1403"}],"version-history":[{"count":3,"href":"https:\/\/danielthizy.fr\/compostelle\/wp-json\/wp\/v2\/pages\/1403\/revisions"}],"predecessor-version":[{"id":1776,"href":"https:\/\/danielthizy.fr\/compostelle\/wp-json\/wp\/v2\/pages\/1403\/revisions\/1776"}],"up":[{"embeddable":true,"href":"https:\/\/danielthizy.fr\/compostelle\/wp-json\/wp\/v2\/pages\/756"}],"wp:attachment":[{"href":"https:\/\/danielthizy.fr\/compostelle\/wp-json\/wp\/v2\/media?parent=1403"}],"curies":[{"name":"wp","href":"https:\/\/api.w.org\/{rel}","templated":true}]}}