{"id":213,"date":"2019-01-10T19:14:42","date_gmt":"2019-01-10T19:14:42","guid":{"rendered":"http:\/\/www.danielthizy.fr\/?page_id=213"},"modified":"2021-03-04T18:11:54","modified_gmt":"2021-03-04T22:11:54","slug":"fr-etape-28","status":"publish","type":"page","link":"https:\/\/danielthizy.fr\/compostelle\/de-marcenod-a-compostelle\/compostelle-france\/fr-etape-28","title":{"rendered":"Fr &#8211; \u00c9tape 28"},"content":{"rendered":"\n<p class=\"has-text-color\" style=\"color:#005fa3;font-size:25px\"><strong>Dimanche 28 ao\u00fbt 2005<br>Arzacq Arraziguet (Pyr\u00e9n\u00e9es Atl) \u2013 Arthez de B\u00e9arn (Pyr Atl)<\/strong><br><strong>28 km * Cumul 753 km<\/strong><\/p>\n\n\n\n<div class=\"wp-block-image\"><figure class=\"aligncenter\"><a href=\"https:\/\/graphhopper.com\/maps\/?point=Arzacq-Arraziguet%2C%2064410%2C%20France&amp;point=Louvigny%2C%2064410%2C%20France&amp;point=Arthez-de-B%C3%A9arn%2C%2064370%2C%20France&amp;locale=fr&amp;vehicle=foot&amp;weighting=fastest&amp;elevation=true&amp;turn_costs=false&amp;use_miles=false&amp;layer=TF%20Outdoors\" target=\"_blank\" rel=\"noopener noreferrer\"><img loading=\"lazy\" decoding=\"async\" width=\"929\" height=\"604\" src=\"https:\/\/localhost\/compostelle\/wp-content\/uploads\/2019\/01\/2005.0801.carte28.ArzacqArraziguet-ArthezdeBearn.jpg\" alt=\"2005.0801.carte28.ArzacqArraziguet-ArthezdeBearn\" class=\"wp-image-67\" srcset=\"https:\/\/danielthizy.fr\/compostelle\/wp-content\/uploads\/2019\/01\/2005.0801.carte28.ArzacqArraziguet-ArthezdeBearn.jpg 929w, https:\/\/danielthizy.fr\/compostelle\/wp-content\/uploads\/2019\/01\/2005.0801.carte28.ArzacqArraziguet-ArthezdeBearn-300x195.jpg 300w, https:\/\/danielthizy.fr\/compostelle\/wp-content\/uploads\/2019\/01\/2005.0801.carte28.ArzacqArraziguet-ArthezdeBearn-768x499.jpg 768w\" sizes=\"auto, (max-width: 929px) 100vw, 929px\" \/><\/a><\/figure><\/div>\n\n\n\n<p class=\"has-drop-cap\">Lever 7h. Le temps est couvert. D\u00e9jeuner 7h30. D\u00e9part 8h30. A\nLouvigny nous quittons le GR65 pour prendre un raccourci par Garos,\nUzan, G\u00e9us, Pomps, Castillon. A 14h Nicole appelle, nous avons bien\nmarch\u00e9, il ne nous reste que 3 km. Nous arrivons \u00e0 Arthez \u00e0 14h30\nmais il n&rsquo;y a personne au rendez-vous devant la Poste. Nous\npoursuivons jusqu&rsquo;au centre-ville, personne non plus. Il est dimanche\net tout est ferm\u00e9. Julie s&rsquo;impatiente, moi je me couche sur un\nterre-plein en attendant qu&rsquo;Alain et Nicole se manifestent. \n<\/p>\n\n\n\n<p>Ils arrivent vers 15h30 car ils \u00e9taient \u00e0 Pau lorsqu&rsquo;ils ont t\u00e9l\u00e9phon\u00e9. Nous sommes oblig\u00e9s d&rsquo;aller jusqu&rsquo;\u00e0 <a href=\"https:\/\/fr.wikipedia.org\/wiki\/Orthez#\/media\/Fichier:Pano-orthez.jpg\" target=\"_blank\" rel=\"noreferrer noopener\">Orthez<\/a> pour trouver un bistrot ouvert. Je photographie un groupe de bikers et leurs Harley. Il est presque 17h et nous ne savons toujours pas o\u00f9 dormir. Nous avons laiss\u00e9 un message au manoir d&rsquo;Argeles \u00e0 Morlanne, aucune nouvelle. Le g\u00eete Lacrouts \u00e0 Casteide-Candau est soi-disant complet, les autres sont ou trop loin ou ne font pas la demi-pension. J&rsquo;essaie le g\u00eete Costedoat \u00e0 Hagetaubin 7 km hors GR. Il n&rsquo;est pas tr\u00e8s chaud pour nous prendre mais finalement acceptera. <\/p>\n\n\n\n<p>Nous ne regretterons rien, le g\u00eete est magnifique, le patron a\nm\u00eame propos\u00e9 de venir nous chercher. Douche et wc dans la chambre,\ndraps et serviettes de toilette fournis, lits damasquin\u00e9s, piscine,\nbillard, ping-pong, baby-foot, transats, figues et mirabelles du\njardin \u00e0 volont\u00e9, machine \u00e0 lever et s\u00e8che-linge compris. Nous\nprenons une bouteille de Madiran rouge en ap\u00e9ro au bord de la\npiscine. Notre h\u00f4te est charmant, c\u00e9libataire, 45 ans, il vit dans\nla ferme avec sa vieille m\u00e8re de 90 ans qui s&rsquo;occupe de la cuisine.\nC&rsquo;est lui qui s&rsquo;occupe de tout le reste : nettoyage, entretien des\ng\u00eetes, jardin, et de ses 20 charolaises. A 20h il d\u00eene avec nous :\ntomates fra\u00eeches du jardin, p\u00e2t\u00e9 de canard et jambon cru,\njambonneau aux p\u00e2tes, fromages et vin du pays, salade de fruits.\nNous avons profit\u00e9 des machines pour faire une lessive compl\u00e8te.<\/p>\n\n\n\n<p>Petit-d\u00e9jeuner classique : caf\u00e9, pain, beurre, confitures\nmaison. Le tout pour 24\u20ac par personne. C&rsquo;est \u00e0 peine croyable.\nNous lui avons achet\u00e9 en plus 3 bocaux de foie gras de canard \u00e0 50\u20ac\nle kilo. C&rsquo;est une adresse \u00e0 retenir absolument, \u00e0 la fois pour\nl&rsquo;accueil sympathique, la qualit\u00e9 de l&rsquo;h\u00e9bergement et de la\nnourriture, et aussi pour la possibilit\u00e9 de s\u2019approvisionner en\nbons produits du terroir. \n<\/p>\n\n\n\n<p>Julie s&rsquo;est enfin d\u00e9cid\u00e9e : Elle repart demain avec Alain et\nNicole, ce qui lui fait certes \u00e9conomiser le prix d&rsquo;un billet de\ntrain, mais aussi abandonner un contrat inachev\u00e9 puisque\nSt-Jean-Pied-de-Port est encore \u00e0 4 jours de marche. \n<\/p>\n\n\n\n<p>La literie \u00e9tait impeccable, mais j&rsquo;ai tr\u00e8s mal dormi \u00e0 cause\nde ma jambe gauche.<\/p>\n\n\n\n<p class=\"has-text-align-center has-text-color has-medium-font-size\" style=\"color:#0064a3\"><strong><em>Cliquez sur la miniature pour voir les photos\u2026 (Touche \u00ab&nbsp;\u00e9chap&nbsp;\u00bb pour quitter)<\/em><\/strong><\/p>\n\n\n\n<style id=\"bwg-style-0\">      #bwg_container1_0 #bwg_container2_0 .image_browser_images_conteiner_0 * {        -moz-box-sizing: border-box;        box-sizing: border-box;      }      #bwg_container1_0 #bwg_container2_0 .image_browser_images_conteiner_0{\t\tbackground-color: rgba(255, 255, 255, 0.90);\t\ttext-align: center;\t\twidth: 100%;\t\tborder-style: solid;\t\tborder-width: 1px;\t\tborder-color: #EDEDED;\t\tpadding: 4px;\t\tborder-radius: 0;\t\tposition:relative;      }      #bwg_container1_0 #bwg_container2_0 .image_browser_images_0 {\t\tdisplay: inline-block;\t\t-moz-box-sizing: border-box;\t\tbox-sizing: border-box;\t\tfont-size: 0;\t\ttext-align: center;\t\tmax-width: 100%;\t\twidth: 100%;      }      #bwg_container1_0 #bwg_container2_0 .image_browser_image_buttons_conteiner_0 {\t\ttext-align: center;      }      #bwg_container1_0 #bwg_container2_0 .image_browser_image_buttons_0 {\t\tdisplay: inline-block;\t\twidth:100%;      }      #bwg_container1_0 #bwg_container2_0 .bwg_image_browser_image_0 {        background-color: rgba(232, 232, 232, 0.80);\t\ttext-align: center;\t\tdisplay: inline-block;\t\tvertical-align: middle;\t\tmargin: 2px auto;\t\tpadding: 4px;\t\tborder-radius: 2px;\t\tborder: 1px none #E8E8E8;\t\tbox-shadow: ;\t\tmax-width: 100px;\t\twidth: 100%;\t\t\/*z-index: 100;*\/\t\tposition: relative;      }      #bwg_container1_0 #bwg_container2_0 .bwg_image_alt_0{\t\tdisplay: table;\t\twidth: 100%;\t\tfont-size: 14px;\t\tfont-family: Ubuntu;\t\tcolor: #000000;\t\ttext-align:center;\t\tpadding-left: 8px;        word-break: break-word;      }      #bwg_container1_0 #bwg_container2_0 .bwg_image_browser_img_0 {        padding: 0 !important;\t\tmax-width: 100% !important;\t\theight: inherit !important;\t\twidth: 100%;      }      @media only screen and (max-width : 320px) {\t\t#bwg_container1_0 #bwg_container2_0 .displaying-num_0 {\t\t  display: none;\t\t}\t\t#bwg_container1_0 #bwg_container2_0 .bwg_image_alt_0 {\t\t  font-size: 10px !important;\t\t}\t\t#bwg_container1_0 #bwg_container2_0 .bwg_watermark_text_0,\t\t#bwg_container1_0 #bwg_container2_0 .bwg_watermark_text_0:hover {\t\t  font-size: 10px !important;\t\t  text-decoration: none;\t\t  margin: 4px;\t\t  font-family: Arial;\t\t  color: #FFFFFF !important;\t\t  opacity: 0.30;\t\t  text-decoration: none;\t\t  position: relative;\t\t  z-index: 10141;\t\t}\t\t#bwg_container1_0 #bwg_container2_0 .bwg_image_browser_image_description_0 {\t\t  color: #000000;\t\t  display: table;\t\t  width: 100%;\t\t  text-align: left;\t\t  font-size: 8px !important;\t\t  font-family: Ubuntu;\t\t  padding: 8px 8px 8px 8px;\t\t  \/*word-break: break-all;*\/\t\t  border-style: none;\t\t  background-color: #E8E8E8;\t\t  border-radius: 0;\t\t  border-width: 1px;\t\t}\t\t#bwg_container1_0 #bwg_container2_0 .tablenav-pages_0 a {\t\t  font-size: 10px !important;\t\t}      }      #bwg_container1_0 #bwg_container2_0 .bwg_image_browser_image_desp_0 {\t\t\t\tdisplay: table;\t\t\t\tclear: both;\t\t\t\ttext-align: center;        padding: 24px 0px 0px 0px;\t\t\t\twidth: 100%;      }      #bwg_container1_0 #bwg_container2_0 .bwg_image_browser_image_description_0 {        color: #000000;\t\tdisplay: table;\t\twidth: 100%;\t\ttext-align: left;\t\tfont-size: 14px;\t\tfont-family: Ubuntu;\t\tpadding: 8px 8px 8px 8px;\t\tword-break: break-word;\t\tborder-style: none;\t\tbackground-color: #E8E8E8;\t\tborder-radius: 0;\t\tborder-width: 1px;      }      #bwg_container1_0 #bwg_container2_0 .bwg_image_browser_image_alt_0 {      \tdisplay:table;        clear: both;        text-align: center;        padding: 8px;        width: 100%;      }      \/*watermark*\/      #bwg_container1_0 #bwg_container2_0 .bwg_watermark_text_0,      #bwg_container1_0 #bwg_container2_0 .bwg_watermark_text_0:hover {        text-decoration: none;        margin: 4px;        font-size: 20px;        font-family: Arial;        color: #FFFFFF !important;        opacity: 0.30;        position: relative;        z-index: 10141;      }      #bwg_container1_0 #bwg_container2_0 .bwg_image_browser_image_contain_0{        position: absolute;        text-align: center;        vertical-align: middle;        width: 100%;        height: 100%;        cursor: pointer;      }      #bwg_container1_0 #bwg_container2_0 .bwg_image_browser_watermark_contain_0{        display: table;        vertical-align: middle;        width: 100%;        height: 100%;      }\t       #bwg_container1_0 #bwg_container2_0 .bwg_image_browser_watermark_cont_0{        display: table-cell;        text-align: ;        position: relative;        vertical-align: ;      }      #bwg_container1_0 #bwg_container2_0 .bwg_image_browser_watermark_0{\t\tdisplay: inline-block;\t\toverflow: hidden;\t\tposition: relative;\t\tvertical-align: middle;\t\tz-index: 10140;\t\twidth: 90px;\t\tmax-width: 90%;\t\tmargin: 10px 10px 10px 10px ;      }      #bwg_container1_0 #bwg_container2_0 .bwg_image_browser_watermark_text_0{        display: inline-block;\t\toverflow: hidden;\t\tposition: relative;\t\tvertical-align: middle;\t\tz-index: 10140;\t\tmargin: 10px 10px 10px 10px;      }      #bwg_container1_0 #bwg_container2_0 .bwg_image_browser_watermark_img_0{        max-width: 100%;        opacity: 0.30;        position: relative;        z-index: 10141;      }      #bwg_container1_0 #bwg_container2_0 .bwg_none_selectable {        -webkit-touch-callout: none;        -webkit-user-select: none;        -khtml-user-select: none;        -moz-user-select: none;        -ms-user-select: none;        user-select: none;       ecoration: none;    }    #bwg_container1_0 #bwg_container2_0 .bwg_gal_title_0 {      background-color: rgba(0, 0, 0, 0);      color: #323A45;      display: block;      font-family: Ubuntu;      font-size: 16px;      font-weight: bold;      padding: 2px;      text-shadow: 0px 0px 0px #888888;      text-align: center;    }    <\/style>    <div id=\"bwg_container1_0\"         class=\"bwg_container bwg_thumbnail bwg_image_browser \"         data-right-click-protection=\"0\"         data-bwg=\"0\"         data-scroll=\"0\"         data-gallery-type=\"image_browser\"         data-gallery-view-type=\"image_browser\"         data-current-url=\"\/compostelle\/wp-json\/wp\/v2\/pages\/213\"         data-lightbox-url=\"https:\/\/danielthizy.fr\/compostelle\/wp-admin\/admin-ajax.php?action=GalleryBox&#038;current_view=0&#038;gallery_id=29&#038;tag=0&#038;theme_id=2&#038;shortcode_id=58&#038;sort_by=filename&#038;order_by=asc&#038;current_url=%2Fcompostelle%2Fwp-json%2Fwp%2Fv2%2Fpages%2F213\"         data-gallery-id=\"29\"         data-popup-width=\"800\"         data-popup-height=\"500\"         data-is-album=\"gallery\"         data-buttons-position=\"bottom\">      <div id=\"bwg_container2_0\">             <div id=\"ajax_loading_0\" class=\"bwg_loading_div_1\">      <div class=\"bwg_loading_div_2\">        <div class=\"bwg_loading_div_3\">          <div id=\"loading_div_0\" class=\"bwg_spider_ajax_loading\">          <\/div>        <\/div>      <\/div>    <\/div>            <form id=\"gal_front_form_0\"              class=\"bwg-hidden\"              method=\"post\"              action=\"#\"              data-current=\"0\"              data-shortcode-id=\"58\"              data-gallery-type=\"image_browser\"              data-gallery-id=\"29\"              data-tag=\"0\"              data-album-id=\"0\"              data-theme-id=\"2\"              data-ajax-url=\"https:\/\/danielthizy.fr\/compostelle\/wp-admin\/admin-ajax.php?action=bwg_frontend_data\">          <div id=\"bwg_container3_0\" class=\"bwg-background bwg-background-0\">            \t  <div id=\"bwg_image_browser_0\" class=\"image_browser_images_conteiner_0 bwg-image_browser-images-wrapper bwg-container\"         data-params='{&quot;is_pro&quot;:false,&quot;image_right_click&quot;:&quot;0&quot;,&quot;gallery_id&quot;:&quot;29&quot;}'         data-bwg=\"0\"         data-lightbox-url=\"https:\/\/danielthizy.fr\/compostelle\/wp-admin\/admin-ajax.php?action=GalleryBox&#038;current_view=0&#038;gallery_id=29&#038;tag=0&#038;theme_id=2&#038;shortcode_id=58&#038;sort_by=filename&#038;order_by=asc&#038;current_url=%2Fcompostelle%2Fwp-json%2Fwp%2Fv2%2Fpages%2F213\">      <div class=\"image_browser_images_0\">                  <div class=\"image_browser_image_buttons_conteiner_0\">            <div class=\"image_browser_image_buttons_0\">                            <div class=\"bwg_image_browser_image_0\">                                  <a style=\"position:relative;\"  class=\"bwg-a bwg_lightbox\" data-image-id=\"1301\" data-elementor-open-lightbox=\"no\">                    <img decoding=\"async\" class=\"skip-lazy bwg-item0 bwg_image_browser_img bwg_image_browser_img_0 \"                         src=\"https:\/\/danielthizy.fr\/compostelle\/wp-content\/uploads\/photo-gallery\/Fr-etape28\/2005.0828.0820.21.Etape_28.jpg?bwg=1547147434\"                         data-src=\"https:\/\/danielthizy.fr\/compostelle\/wp-content\/uploads\/photo-gallery\/Fr-etape28\/2005.0828.0820.21.Etape_28.jpg?bwg=1547147434\"                         alt=\"2005.0828.0820.21.Etape 28\"                         title=\"2005.0828.0820.21.Etape 28\" \/>                  <\/a>                                <\/div>                          <\/div>          <\/div>                <\/div>    <\/div>    <style>      \/*pagination styles*\/      #bwg_container1_0 #bwg_container2_0 .tablenav-pages_0 {\t\t\t\ttext-align: center;\t\t\t\tfont-size: 12px;\t\t\t\tfont-family: Ubuntu;\t\t\t\tfont-weight: bold;\t\t\t\tcolor: #666666;\t\t\t\tmargin: 6px 0 4px;\t\t\t\tdisplay: block;      }      @media only screen and (max-width : 320px) {      #bwg_container1_0 #bwg_container2_0 .displaying-num_0 {     \t display: none;      }      }      #bwg_container1_0 #bwg_container2_0 .displaying-num_0 {\t\t\t\tfont-size: 12px;\t\t\t\tfont-family: Ubuntu;\t\t\t\tfont-weight: bold;\t\t\t\tcolor: #666666;\t\t\t\tmargin-right: 10px;\t\t\t\tvertical-align: middle;      }      #bwg_container1_0 #bwg_container2_0 .paging-input_0 {\t\t\t\tfont-size: 12px;\t\t\t\tfont-family: Ubuntu;\t\t\t\tfont-weight: bold;\t\t\t\tcolor: #666666;\t\t\t\tvertical-align: middle;      }      #bwg_container1_0 #bwg_container2_0 .tablenav-pages_0 a.disabled,      #bwg_container1_0 #bwg_container2_0 .tablenav-pages_0 a.disabled:hover,      #bwg_container1_0 #bwg_container2_0 .tablenav-pages_0 a.disabled:focus,\t\t\t#bwg_container1_0 #bwg_container2_0 .tablenav-pages_0 input.bwg_current_page {\t\t\t\tcursor: default;\t\t\t\tcolor: rgba(102, 102, 102, 0.5);      }      #bwg_container1_0 #bwg_container2_0 .tablenav-pages_0 a,      #bwg_container1_0 #bwg_container2_0 .tablenav-pages_0 input.bwg_current_page {\t\t\t\tcursor: pointer;\t\t\t\ttext-align: center;\t\t\t\tfont-size: 12px;\t\t\t\tfont-family: Ubuntu;\t\t\t\tfont-weight: bold;\t\t\t\tcolor: #666666;\t\t\t\ttext-decoration: none;\t\t\t\tpadding: 3px 6px;\t\t\t\tmargin: 0;\t\t\t\tborder-radius: 0;\t\t\t\tborder-style: none;\t\t\t\tborder-width: 1px;\t\t\t\tborder-color: #E3E3E3;\t\t\t\t\t\t\t\tbackground-color: rgba(252, 252, 252, 1.00);\t\t\t\tbox-shadow: 0;\t\t\t\ttransition: all 0.3s ease 0s;-webkit-transition: all 0.3s ease 0s;      }            #bwg_container1_0 #bwg_container2_0 .tablenav-pages_0 a.next-page:hover,      #bwg_container1_0 #bwg_container2_0 .tablenav-pages_0 a.prev-page:hover {        color: #000000;      }      #bwg_container1_0 #bwg_container2_0 .tablenav-pages_0 .first-page,      #bwg_container1_0 #bwg_container2_0 .tablenav-pages_0 .last-page {        padding: 0% 7%;      }      #bwg_container1_0 #bwg_container2_0 .tablenav-pages_0 .next-page {        margin: 0% 4% 0% 0%;      }      #bwg_container1_0 #bwg_container2_0 .tablenav-pages_0 .prev-page {        margin: 0% 0% 0% 4%;      }      #bwg_container1_0 #bwg_container2_0 .tablenav-pages_0 a {        font-size: 15px !important;        padding: 0% 7% !important;        border-style: none !important;        border-width: 1px;        border-color: #E3E3E3;        background-color: #FCFCFC;        opacity: 1.00;        transition: all 0.3s ease 0s;-webkit-transition: all 0.3s ease 0s;      }      .bwg_image_browser#bwg_container1_0 #bwg_container2_0 .tablenav-pages_0 a {         padding: 0% 11% !important;      }\t\t\t#bwg_container1_0 #bwg_container2_0 .tablenav-pages_0 {        background-color: rgba(255, 255, 255, 0.90);        margin-top: 0;      }      .bwg_image_browser  .pagination-links_0 {        white-space: nowrap;      }      @media screen and (max-width: 465px) {        .bwg_image_browser#bwg_container1_0 #bwg_container2_0 .tablenav-pages_0 a {          padding: 0% 5% !important;          font-size: 13px;        }      }      <\/style>      <span class=\"bwg_nav_cont_0\">              <div class=\"tablenav-pages_0\">                      <span class=\"pagination-links_0 pagination-links\" data-pages-count=\"28\">              <span class=\"pagination-links_col1\">              <a class=\"bwg-a first-page disabled\" title=\"Go to the first page\" >\u00ab<\/a>              <a class=\"bwg-a prev-page disabled\" title=\"Go to the previous page\" >\u2039<\/a>              <\/span>\t\t\t\t\t\t\t<span class=\"pagination-links_col2\">\t\t\t\t\t\t\t\t\t<input type=\"number\" class=\"bwg_current_page\" name=\"bwg_current_page\" value=\"1\" data-url-info=\"page_number_0\" onkeypress=\"return bwg_change_page_0(event, this)\" min=\"1\" oninput=\"validity.valid||(value='')\" \/>\t\t\t\t\t\t\t\t\t\tof\t\t\t\t\t\t\t\t\t\t<span class=\"total-pages_0\">\t\t\t\t\t\t\t\t\t\t\t28\t\t\t\t\t\t\t\t\t\t<\/span>\t\t\t\t\t\t\t<\/span>              <span class=\"pagination-links_col3\">                <a class=\"bwg-a next-page-0\" title=\"Go to the next page\" href=\"\/compostelle\/wp-json\/wp\/v2\/pages\/213?page_number_0=2\">\u203a<\/a>                <a class=\"bwg-a last-page-0\" title=\"Go to the last page\" href=\"\/compostelle\/wp-json\/wp\/v2\/pages\/213?page_number_0=28\">\u00bb<\/a>              <\/span>\t\t\t\t\t\t<\/span>\t\t\t\t\t\t        <\/div>                <input type=\"hidden\" id=\"page_number_0\" name=\"page_number_0\" value=\"1\" \/>      <script type=\"text\/javascript\">        if( jQuery('.bwg_nav_cont_0').length > 1 ) {          jQuery('.bwg_nav_cont_0').first().remove()        }        function spider_page_0(cur, x, y, load_more) {          if (typeof load_more == \"undefined\") {            var load_more = false;          }          if (jQuery(cur).hasClass('disabled')) {            return false;          }          var items_county_0 = 28;          switch (y) {            case 1:              if (x >= items_county_0) {                document.getElementById('page_number_0').value = items_county_0;              }              else {                document.getElementById('page_number_0').value = x + 1;              }              break;            case 2:              document.getElementById('page_number_0').value = items_county_0;              break;            case -1:              if (x == 1) {                document.getElementById('page_number_0').value = 1;              }              else {                document.getElementById('page_number_0').value = x - 1;              }              break;            case -2:              document.getElementById('page_number_0').value = 1;              break;\t\t\t\t\t\tcase 0:              document.getElementById('page_number_0').value = x;              break;            default:              document.getElementById('page_number_0').value = 1;          }          bwg_ajax('gal_front_form_0', '0', 'bwg_image_browser_0', '0', '', 'gallery', 0, '', '', load_more, '', 1);        }                    jQuery('.first-page disabled').on('click', function () {              spider_page_0(this, 1, -2, 'numeric');              return false;            });            jQuery('.prev-page disabled').on('click', function () {              spider_page_0(this, 1, -1, 'numeric');              return false;            });            jQuery('.next-page-0').on('click', function () {              spider_page_0(this, 1, 1, 'numeric');              return false;            });            jQuery('.last-page-0').on('click', function () {              spider_page_0(this, 1, 2, 'numeric');              return false;            });        \t\t\t\t\/* Change page on input enter. *\/        function bwg_change_page_0( e, that ) {          if (  e.key == 'Enter' ) {            var to_page = parseInt(jQuery(that).val());            var pages_count = jQuery(that).parents(\".pagination-links\").data(\"pages-count\");            var current_url_param = jQuery(that).attr('data-url-info');            if (to_page > pages_count) {              to_page = 1;            }\t \t\t\t\t\t\t\t\t\t\t\t\tspider_page_0(this, to_page, 0, 'numeric');\t\t\t\t\t\t\treturn false;\t\t\t\t\t\t          }          return true;        }        jQuery('.bwg_load_btn_0').on('click', function () {            spider_page_0(this, 1, 1, true);            return false;        });      <\/script>      <\/span>                <\/div>        <\/form>        <style>          #bwg_container1_0 #bwg_container2_0 #spider_popup_overlay_0 {          background-color: #000000;          opacity: 0.70;          }          <\/style>        <div id=\"bwg_spider_popup_loading_0\" class=\"bwg_spider_popup_loading\"><\/div>        <div id=\"spider_popup_overlay_0\" class=\"spider_popup_overlay\" onclick=\"spider_destroypopup(1000)\"><\/div>        <input type=\"hidden\" id=\"bwg_random_seed_0\" value=\"1694273969\">                <\/div>    <\/div>    <script>      if (document.readyState === 'complete') {        if( typeof bwg_main_ready == 'function' ) {          if ( jQuery(\"#bwg_container1_0\").height() ) {            bwg_main_ready(jQuery(\"#bwg_container1_0\"));          }        }      } else {        document.addEventListener('DOMContentLoaded', function() {          if( typeof bwg_main_ready == 'function' ) {            if ( jQuery(\"#bwg_container1_0\").height() ) {             bwg_main_ready(jQuery(\"#bwg_container1_0\"));            }          }        });      }    <\/script>    \n\n\n\n<h2 class=\"has-text-align-center wp-block-heading\"><em><strong><a href=\"https:\/\/danielthizy.fr\/compostelle\/fr-etape-29\/\">Parcourir l&rsquo;\u00e9tape suivante&#8230;<\/a><\/strong><\/em><\/h2>\n","protected":false},"excerpt":{"rendered":"<p>Dimanche 28 ao\u00fbt 2005Arzacq Arraziguet (Pyr\u00e9n\u00e9es Atl) \u2013 Arthez de B\u00e9arn (Pyr Atl)28 km * Cumul 753 km Lever 7h. Le temps est couvert. D\u00e9jeuner 7h30. D\u00e9part 8h30. A Louvigny nous quittons le GR65 pour prendre un raccourci par Garos, Uzan, G\u00e9us, Pomps, Castillon. A 14h Nicole appelle, nous avons bien march\u00e9, il ne nous &#8230; <a title=\"Fr &#8211; \u00c9tape 28\" class=\"read-more\" href=\"https:\/\/danielthizy.fr\/compostelle\/de-marcenod-a-compostelle\/compostelle-france\/fr-etape-28\" aria-label=\"En savoir plus sur Fr &#8211; \u00c9tape 28\">Lire la suite<\/a><\/p>\n","protected":false},"author":1,"featured_media":0,"parent":374,"menu_order":29,"comment_status":"closed","ping_status":"closed","template":"","meta":{"two_page_speed":[],"footnotes":""},"class_list":["post-213","page","type-page","status-publish"],"_links":{"self":[{"href":"https:\/\/danielthizy.fr\/compostelle\/wp-json\/wp\/v2\/pages\/213","targetHints":{"allow":["GET"]}}],"collection":[{"href":"https:\/\/danielthizy.fr\/compostelle\/wp-json\/wp\/v2\/pages"}],"about":[{"href":"https:\/\/danielthizy.fr\/compostelle\/wp-json\/wp\/v2\/types\/page"}],"author":[{"embeddable":true,"href":"https:\/\/danielthizy.fr\/compostelle\/wp-json\/wp\/v2\/users\/1"}],"replies":[{"embeddable":true,"href":"https:\/\/danielthizy.fr\/compostelle\/wp-json\/wp\/v2\/comments?post=213"}],"version-history":[{"count":7,"href":"https:\/\/danielthizy.fr\/compostelle\/wp-json\/wp\/v2\/pages\/213\/revisions"}],"predecessor-version":[{"id":1470,"href":"https:\/\/danielthizy.fr\/compostelle\/wp-json\/wp\/v2\/pages\/213\/revisions\/1470"}],"up":[{"embeddable":true,"href":"https:\/\/danielthizy.fr\/compostelle\/wp-json\/wp\/v2\/pages\/374"}],"wp:attachment":[{"href":"https:\/\/danielthizy.fr\/compostelle\/wp-json\/wp\/v2\/media?parent=213"}],"curies":[{"name":"wp","href":"https:\/\/api.w.org\/{rel}","templated":true}]}}