{"id":219,"date":"2019-01-10T19:28:36","date_gmt":"2019-01-10T19:28:36","guid":{"rendered":"http:\/\/www.danielthizy.fr\/?page_id=219"},"modified":"2023-12-18T10:08:49","modified_gmt":"2023-12-18T14:08:49","slug":"fr-etape-30","status":"publish","type":"page","link":"https:\/\/danielthizy.fr\/compostelle\/de-marcenod-a-compostelle\/compostelle-france\/fr-etape-30","title":{"rendered":"Fr &#8211; \u00c9tape 30"},"content":{"rendered":"\n<p class=\"has-text-color\" style=\"color:#0050a3;font-size:25px\"><strong>Mardi 30 ao\u00fbt 2005<br>Navarrenx (Pyr\u00e9n\u00e9es Atlantique) \u2013 Ostabat (Pyr\u00e9n\u00e9es Atl) 46 km * Cumul 830 km<\/strong><\/p>\n\n\n<div class=\"wp-block-image\">\n<figure class=\"aligncenter\"><a href=\"https:\/\/graphhopper.com\/maps\/?point=43.322149%2C-0.761038_64190+Navarrenx%2C+France&amp;point=43.310812%2C-0.944259_Olha%C3%AFby%2C+Bayonne%2C+France&amp;point=43.25625%2C-1.07084_64120+Ostabat-Asme%2C+France&amp;profile=hike&amp;layer=TF+Outdoors\" target=\"_blank\" rel=\"noopener noreferrer\"><img loading=\"lazy\" decoding=\"async\" width=\"927\" height=\"441\" src=\"https:\/\/localhost\/compostelle\/wp-content\/uploads\/2019\/01\/2005.0801.carte30.Navarrenx-Ostabat.jpg\" alt=\"2005.0801.carte30.Navarrenx-Ostabat\" class=\"wp-image-69\" srcset=\"https:\/\/danielthizy.fr\/compostelle\/wp-content\/uploads\/2019\/01\/2005.0801.carte30.Navarrenx-Ostabat.jpg 927w, https:\/\/danielthizy.fr\/compostelle\/wp-content\/uploads\/2019\/01\/2005.0801.carte30.Navarrenx-Ostabat-300x143.jpg 300w, https:\/\/danielthizy.fr\/compostelle\/wp-content\/uploads\/2019\/01\/2005.0801.carte30.Navarrenx-Ostabat-768x365.jpg 768w\" sizes=\"auto, (max-width: 927px) 100vw, 927px\" \/><\/a><\/figure>\n<\/div>\n\n\n<p class=\"has-drop-cap\">Lever 6h30. Petit-d\u00e9jeuner 7h. D\u00e9marrage 7h30. Il faut traverser\ntoute la ville pour retrouver le GR65. A la sortie, je traverse le\nGave-d&rsquo;Ol\u00e9ron apr\u00e8s avoir pris quelques photos des remparts. Je\nsuis bien d\u00e9cid\u00e9 \u00e0 prendre tous les raccourcis que je pourrai car\nla longueur de cette \u00e9tape me fait un peu peur. En fait, je vise\ntout d&rsquo;abord Aroue \u00e0 19 km, et selon l&rsquo;\u00e9tat de fra\u00eecheur,\nj&rsquo;aviserai si je continue ou non&#8230; Mais au fond de moi, je sais bien\nque je ne m&rsquo;arr\u00eaterai pas \u00e0 Aroue.<\/p>\n\n\n\n<p>Au lieu de prendre le GR65 qui serpente dans les collines, je prends la D115 sur 5 km que j&rsquo;abandonne 2 km avant le ch\u00e2teau de Mongaston pour retrouver le GR. Aux alentours de Charre, je retrouve Fran\u00e7ois le cannois. Nous ferons route ensemble jusqu&rsquo;\u00e0 Ostabat. A 13h nous sommes \u00e0 Aroue, et prenons la variante par Etcharry qui \u00e9conomise 2 km, mais nous nous \u00e9garons du c\u00f4t\u00e9 d&rsquo;Olhaiby, ce qui nous vaut tr\u00e8s largement de les reperdre. Enfin nous suivons le \u00ab&nbsp;chemin des escargots&nbsp;\u00bb entre Larribar et Uhart-Mixe qui nous fait gagner 3 km. Nous sommes \u00e9puis\u00e9s, autant par la chaleur que par les km. Nous n&rsquo;avons plus d&rsquo;eau dans les gourdes. Nous buvons 2 demis chacun et 30 minutes de repos \u00ab&nbsp;doigts de pieds en \u00e9ventail&nbsp;\u00bb. Sur la terrasse du bistrot nous avons retrouv\u00e9 Fr\u00e9d\u00e9ric et un couple de su\u00e9dois. Le red\u00e9marrage est laborieux, mais tout s&rsquo;arrange au bout d&rsquo;une dizaine de minutes. Nous grimpons en direction de la chapelle de Soyarza d&rsquo;o\u00f9 nous jouissons d&rsquo;un splendide point de vue sur le B\u00e9arn. Nous nous tra\u00eenerons sur les 4 derniers km pour arriver \u00e0 18h \u00e0 <a href=\"https:\/\/fr.wikipedia.org\/wiki\/Ostabat-Asme#\/media\/Fichier:Ostabat.jpg\" target=\"_blank\" rel=\"noreferrer noopener\">Ostabat<\/a>.<\/p>\n\n\n\n<p>Le premier g\u00eete sur la place du village fait l&rsquo;affaire. Nous\nreprenons 2 demis avant la douche. Le couple de su\u00e9dois est \u00e0\nl&rsquo;armagnac et au pastis, hum !&#8230; A 19h30 nous mangeons tr\u00e8s bien :\nSoupe, salade verte, c\u00f4te de porc aux haricots verts, fromage de\nbrebis, vin local \u00e0 volont\u00e9. Dodo 22h,<\/p>\n\n\n\n<p class=\"has-text-align-center has-text-color has-medium-font-size\" style=\"color:#006da3\"><strong><em>Cliquez sur la miniature pour voir les photos\u2026 (Touche \u00ab&nbsp;\u00e9chap&nbsp;\u00bb pour quitter)<\/em><\/strong><\/p>\n\n\n\n<style id=\"bwg-style-0\">      #bwg_container1_0 #bwg_container2_0 .image_browser_images_conteiner_0 * {        -moz-box-sizing: border-box;        box-sizing: border-box;      }      #bwg_container1_0 #bwg_container2_0 .image_browser_images_conteiner_0{\t\tbackground-color: rgba(255, 255, 255, 0.90);\t\ttext-align: center;\t\twidth: 100%;\t\tborder-style: solid;\t\tborder-width: 1px;\t\tborder-color: #EDEDED;\t\tpadding: 4px;\t\tborder-radius: 0;\t\tposition:relative;      }      #bwg_container1_0 #bwg_container2_0 .image_browser_images_0 {\t\tdisplay: inline-block;\t\t-moz-box-sizing: border-box;\t\tbox-sizing: border-box;\t\tfont-size: 0;\t\ttext-align: center;\t\tmax-width: 100%;\t\twidth: 100%;      }      #bwg_container1_0 #bwg_container2_0 .image_browser_image_buttons_conteiner_0 {\t\ttext-align: center;      }      #bwg_container1_0 #bwg_container2_0 .image_browser_image_buttons_0 {\t\tdisplay: inline-block;\t\twidth:100%;      }      #bwg_container1_0 #bwg_container2_0 .bwg_image_browser_image_0 {        background-color: rgba(232, 232, 232, 0.80);\t\ttext-align: center;\t\tdisplay: inline-block;\t\tvertical-align: middle;\t\tmargin: 2px auto;\t\tpadding: 4px;\t\tborder-radius: 2px;\t\tborder: 1px none #E8E8E8;\t\tbox-shadow: ;\t\tmax-width: 100px;\t\twidth: 100%;\t\t\/*z-index: 100;*\/\t\tposition: relative;      }      #bwg_container1_0 #bwg_container2_0 .bwg_image_alt_0{\t\tdisplay: table;\t\twidth: 100%;\t\tfont-size: 14px;\t\tfont-family: Ubuntu;\t\tcolor: #000000;\t\ttext-align:center;\t\tpadding-left: 8px;        word-break: break-word;      }      #bwg_container1_0 #bwg_container2_0 .bwg_image_browser_img_0 {        padding: 0 !important;\t\tmax-width: 100% !important;\t\theight: inherit !important;\t\twidth: 100%;      }      @media only screen and (max-width : 320px) {\t\t#bwg_container1_0 #bwg_container2_0 .displaying-num_0 {\t\t  display: none;\t\t}\t\t#bwg_container1_0 #bwg_container2_0 .bwg_image_alt_0 {\t\t  font-size: 10px !important;\t\t}\t\t#bwg_container1_0 #bwg_container2_0 .bwg_watermark_text_0,\t\t#bwg_container1_0 #bwg_container2_0 .bwg_watermark_text_0:hover {\t\t  font-size: 10px !important;\t\t  text-decoration: none;\t\t  margin: 4px;\t\t  font-family: Arial;\t\t  color: #FFFFFF !important;\t\t  opacity: 0.30;\t\t  text-decoration: none;\t\t  position: relative;\t\t  z-index: 10141;\t\t}\t\t#bwg_container1_0 #bwg_container2_0 .bwg_image_browser_image_description_0 {\t\t  color: #000000;\t\t  display: table;\t\t  width: 100%;\t\t  text-align: left;\t\t  font-size: 8px !important;\t\t  font-family: Ubuntu;\t\t  padding: 8px 8px 8px 8px;\t\t  \/*word-break: break-all;*\/\t\t  border-style: none;\t\t  background-color: #E8E8E8;\t\t  border-radius: 0;\t\t  border-width: 1px;\t\t}\t\t#bwg_container1_0 #bwg_container2_0 .tablenav-pages_0 a {\t\t  font-size: 10px !important;\t\t}      }      #bwg_container1_0 #bwg_container2_0 .bwg_image_browser_image_desp_0 {\t\t\t\tdisplay: table;\t\t\t\tclear: both;\t\t\t\ttext-align: center;        padding: 24px 0px 0px 0px;\t\t\t\twidth: 100%;      }      #bwg_container1_0 #bwg_container2_0 .bwg_image_browser_image_description_0 {        color: #000000;\t\tdisplay: table;\t\twidth: 100%;\t\ttext-align: left;\t\tfont-size: 14px;\t\tfont-family: Ubuntu;\t\tpadding: 8px 8px 8px 8px;\t\tword-break: break-word;\t\tborder-style: none;\t\tbackground-color: #E8E8E8;\t\tborder-radius: 0;\t\tborder-width: 1px;      }      #bwg_container1_0 #bwg_container2_0 .bwg_image_browser_image_alt_0 {      \tdisplay:table;        clear: both;        text-align: center;        padding: 8px;        width: 100%;      }      \/*watermark*\/      #bwg_container1_0 #bwg_container2_0 .bwg_watermark_text_0,      #bwg_container1_0 #bwg_container2_0 .bwg_watermark_text_0:hover {        text-decoration: none;        margin: 4px;        font-size: 20px;        font-family: Arial;        color: #FFFFFF !important;        opacity: 0.30;        position: relative;        z-index: 10141;      }      #bwg_container1_0 #bwg_container2_0 .bwg_image_browser_image_contain_0{        position: absolute;        text-align: center;        vertical-align: middle;        width: 100%;        height: 100%;        cursor: pointer;      }      #bwg_container1_0 #bwg_container2_0 .bwg_image_browser_watermark_contain_0{        display: table;        vertical-align: middle;        width: 100%;        height: 100%;      }\t       #bwg_container1_0 #bwg_container2_0 .bwg_image_browser_watermark_cont_0{        display: table-cell;        text-align: ;        position: relative;        vertical-align: ;      }      #bwg_container1_0 #bwg_container2_0 .bwg_image_browser_watermark_0{\t\tdisplay: inline-block;\t\toverflow: hidden;\t\tposition: relative;\t\tvertical-align: middle;\t\tz-index: 10140;\t\twidth: 90px;\t\tmax-width: 90%;\t\tmargin: 10px 10px 10px 10px ;      }      #bwg_container1_0 #bwg_container2_0 .bwg_image_browser_watermark_text_0{        display: inline-block;\t\toverflow: hidden;\t\tposition: relative;\t\tvertical-align: middle;\t\tz-index: 10140;\t\tmargin: 10px 10px 10px 10px;      }      #bwg_container1_0 #bwg_container2_0 .bwg_image_browser_watermark_img_0{        max-width: 100%;        opacity: 0.30;        position: relative;        z-index: 10141;      }      #bwg_container1_0 #bwg_container2_0 .bwg_none_selectable {        -webkit-touch-callout: none;        -webkit-user-select: none;        -khtml-user-select: none;        -moz-user-select: none;        -ms-user-select: none;        user-select: none;       ecoration: none;    }    #bwg_container1_0 #bwg_container2_0 .bwg_gal_title_0 {      background-color: rgba(0, 0, 0, 0);      color: #323A45;      display: block;      font-family: Ubuntu;      font-size: 16px;      font-weight: bold;      padding: 2px;      text-shadow: 0px 0px 0px #888888;      text-align: center;    }    <\/style>    <div id=\"bwg_container1_0\"         class=\"bwg_container bwg_thumbnail bwg_image_browser \"         data-right-click-protection=\"0\"         data-bwg=\"0\"         data-scroll=\"0\"         data-gallery-type=\"image_browser\"         data-gallery-view-type=\"image_browser\"         data-current-url=\"\/compostelle\/wp-json\/wp\/v2\/pages\/219\"         data-lightbox-url=\"https:\/\/danielthizy.fr\/compostelle\/wp-admin\/admin-ajax.php?action=GalleryBox&#038;current_view=0&#038;gallery_id=31&#038;tag=0&#038;theme_id=2&#038;shortcode_id=62&#038;sort_by=filename&#038;order_by=asc&#038;current_url=%2Fcompostelle%2Fwp-json%2Fwp%2Fv2%2Fpages%2F219\"         data-gallery-id=\"31\"         data-popup-width=\"800\"         data-popup-height=\"500\"         data-is-album=\"gallery\"         data-buttons-position=\"bottom\">      <div id=\"bwg_container2_0\">             <div id=\"ajax_loading_0\" class=\"bwg_loading_div_1\">      <div class=\"bwg_loading_div_2\">        <div class=\"bwg_loading_div_3\">          <div id=\"loading_div_0\" class=\"bwg_spider_ajax_loading\">          <\/div>        <\/div>      <\/div>    <\/div>            <form id=\"gal_front_form_0\"              class=\"bwg-hidden\"              method=\"post\"              action=\"#\"              data-current=\"0\"              data-shortcode-id=\"62\"              data-gallery-type=\"image_browser\"              data-gallery-id=\"31\"              data-tag=\"0\"              data-album-id=\"0\"              data-theme-id=\"2\"              data-ajax-url=\"https:\/\/danielthizy.fr\/compostelle\/wp-admin\/admin-ajax.php?action=bwg_frontend_data\">          <div id=\"bwg_container3_0\" class=\"bwg-background bwg-background-0\">            \t  <div id=\"bwg_image_browser_0\" class=\"image_browser_images_conteiner_0 bwg-image_browser-images-wrapper bwg-container\"         data-params='{&quot;is_pro&quot;:false,&quot;image_right_click&quot;:&quot;0&quot;,&quot;gallery_id&quot;:&quot;31&quot;}'         data-bwg=\"0\"         data-lightbox-url=\"https:\/\/danielthizy.fr\/compostelle\/wp-admin\/admin-ajax.php?action=GalleryBox&#038;current_view=0&#038;gallery_id=31&#038;tag=0&#038;theme_id=2&#038;shortcode_id=62&#038;sort_by=filename&#038;order_by=asc&#038;current_url=%2Fcompostelle%2Fwp-json%2Fwp%2Fv2%2Fpages%2F219\">      <div class=\"image_browser_images_0\">                  <div class=\"image_browser_image_buttons_conteiner_0\">            <div class=\"image_browser_image_buttons_0\">                            <div class=\"bwg_image_browser_image_0\">                                  <a style=\"position:relative;\"  class=\"bwg-a bwg_lightbox\" data-image-id=\"1347\" data-elementor-open-lightbox=\"no\">                    <img decoding=\"async\" class=\"skip-lazy bwg-item0 bwg_image_browser_img bwg_image_browser_img_0 \"                         src=\"https:\/\/danielthizy.fr\/compostelle\/wp-content\/uploads\/photo-gallery\/Fr-etape30\/2005.0830.0808.00.Etape_30.jpg?bwg=1547148376\"                         data-src=\"https:\/\/danielthizy.fr\/compostelle\/wp-content\/uploads\/photo-gallery\/Fr-etape30\/2005.0830.0808.00.Etape_30.jpg?bwg=1547148376\"                         alt=\"2005.0830.0808.00.Etape 30\"                         title=\"2005.0830.0808.00.Etape 30\" \/>                  <\/a>                                <\/div>                          <\/div>          <\/div>                <\/div>    <\/div>    <style>      \/*pagination styles*\/      #bwg_container1_0 #bwg_container2_0 .tablenav-pages_0 {\t\t\t\ttext-align: center;\t\t\t\tfont-size: 12px;\t\t\t\tfont-family: Ubuntu;\t\t\t\tfont-weight: bold;\t\t\t\tcolor: #666666;\t\t\t\tmargin: 6px 0 4px;\t\t\t\tdisplay: block;      }      @media only screen and (max-width : 320px) {      #bwg_container1_0 #bwg_container2_0 .displaying-num_0 {     \t display: none;      }      }      #bwg_container1_0 #bwg_container2_0 .displaying-num_0 {\t\t\t\tfont-size: 12px;\t\t\t\tfont-family: Ubuntu;\t\t\t\tfont-weight: bold;\t\t\t\tcolor: #666666;\t\t\t\tmargin-right: 10px;\t\t\t\tvertical-align: middle;      }      #bwg_container1_0 #bwg_container2_0 .paging-input_0 {\t\t\t\tfont-size: 12px;\t\t\t\tfont-family: Ubuntu;\t\t\t\tfont-weight: bold;\t\t\t\tcolor: #666666;\t\t\t\tvertical-align: middle;      }      #bwg_container1_0 #bwg_container2_0 .tablenav-pages_0 a.disabled,      #bwg_container1_0 #bwg_container2_0 .tablenav-pages_0 a.disabled:hover,      #bwg_container1_0 #bwg_container2_0 .tablenav-pages_0 a.disabled:focus,\t\t\t#bwg_container1_0 #bwg_container2_0 .tablenav-pages_0 input.bwg_current_page {\t\t\t\tcursor: default;\t\t\t\tcolor: rgba(102, 102, 102, 0.5);      }      #bwg_container1_0 #bwg_container2_0 .tablenav-pages_0 a,      #bwg_container1_0 #bwg_container2_0 .tablenav-pages_0 input.bwg_current_page {\t\t\t\tcursor: pointer;\t\t\t\ttext-align: center;\t\t\t\tfont-size: 12px;\t\t\t\tfont-family: Ubuntu;\t\t\t\tfont-weight: bold;\t\t\t\tcolor: #666666;\t\t\t\ttext-decoration: none;\t\t\t\tpadding: 3px 6px;\t\t\t\tmargin: 0;\t\t\t\tborder-radius: 0;\t\t\t\tborder-style: none;\t\t\t\tborder-width: 1px;\t\t\t\tborder-color: #E3E3E3;\t\t\t\t\t\t\t\tbackground-color: rgba(252, 252, 252, 1.00);\t\t\t\tbox-shadow: 0;\t\t\t\ttransition: all 0.3s ease 0s;-webkit-transition: all 0.3s ease 0s;      }            #bwg_container1_0 #bwg_container2_0 .tablenav-pages_0 a.next-page:hover,      #bwg_container1_0 #bwg_container2_0 .tablenav-pages_0 a.prev-page:hover {        color: #000000;      }      #bwg_container1_0 #bwg_container2_0 .tablenav-pages_0 .first-page,      #bwg_container1_0 #bwg_container2_0 .tablenav-pages_0 .last-page {        padding: 0% 7%;      }      #bwg_container1_0 #bwg_container2_0 .tablenav-pages_0 .next-page {        margin: 0% 4% 0% 0%;      }      #bwg_container1_0 #bwg_container2_0 .tablenav-pages_0 .prev-page {        margin: 0% 0% 0% 4%;      }      #bwg_container1_0 #bwg_container2_0 .tablenav-pages_0 a {        font-size: 15px !important;        padding: 0% 7% !important;        border-style: none !important;        border-width: 1px;        border-color: #E3E3E3;        background-color: #FCFCFC;        opacity: 1.00;        transition: all 0.3s ease 0s;-webkit-transition: all 0.3s ease 0s;      }      .bwg_image_browser#bwg_container1_0 #bwg_container2_0 .tablenav-pages_0 a {         padding: 0% 11% !important;      }\t\t\t#bwg_container1_0 #bwg_container2_0 .tablenav-pages_0 {        background-color: rgba(255, 255, 255, 0.90);        margin-top: 0;      }      .bwg_image_browser  .pagination-links_0 {        white-space: nowrap;      }      @media screen and (max-width: 465px) {        .bwg_image_browser#bwg_container1_0 #bwg_container2_0 .tablenav-pages_0 a {          padding: 0% 5% !important;          font-size: 13px;        }      }      <\/style>      <span class=\"bwg_nav_cont_0\">              <div class=\"tablenav-pages_0\">                      <span class=\"pagination-links_0 pagination-links\" data-pages-count=\"29\">              <span class=\"pagination-links_col1\">              <a class=\"bwg-a first-page disabled\" title=\"Go to the first page\" >\u00ab<\/a>              <a class=\"bwg-a prev-page disabled\" title=\"Go to the previous page\" >\u2039<\/a>              <\/span>\t\t\t\t\t\t\t<span class=\"pagination-links_col2\">\t\t\t\t\t\t\t\t\t<input type=\"number\" class=\"bwg_current_page\" name=\"bwg_current_page\" value=\"1\" data-url-info=\"page_number_0\" onkeypress=\"return bwg_change_page_0(event, this)\" min=\"1\" oninput=\"validity.valid||(value='')\" \/>\t\t\t\t\t\t\t\t\t\tof\t\t\t\t\t\t\t\t\t\t<span class=\"total-pages_0\">\t\t\t\t\t\t\t\t\t\t\t29\t\t\t\t\t\t\t\t\t\t<\/span>\t\t\t\t\t\t\t<\/span>              <span class=\"pagination-links_col3\">                <a class=\"bwg-a next-page-0\" title=\"Go to the next page\" href=\"\/compostelle\/wp-json\/wp\/v2\/pages\/219?page_number_0=2\">\u203a<\/a>                <a class=\"bwg-a last-page-0\" title=\"Go to the last page\" href=\"\/compostelle\/wp-json\/wp\/v2\/pages\/219?page_number_0=29\">\u00bb<\/a>              <\/span>\t\t\t\t\t\t<\/span>\t\t\t\t\t\t        <\/div>                <input type=\"hidden\" id=\"page_number_0\" name=\"page_number_0\" value=\"1\" \/>      <script type=\"text\/javascript\">        if( jQuery('.bwg_nav_cont_0').length > 1 ) {          jQuery('.bwg_nav_cont_0').first().remove()        }        function spider_page_0(cur, x, y, load_more) {          if (typeof load_more == \"undefined\") {            var load_more = false;          }          if (jQuery(cur).hasClass('disabled')) {            return false;          }          var items_county_0 = 29;          switch (y) {            case 1:              if (x >= items_county_0) {                document.getElementById('page_number_0').value = items_county_0;              }              else {                document.getElementById('page_number_0').value = x + 1;              }              break;            case 2:              document.getElementById('page_number_0').value = items_county_0;              break;            case -1:              if (x == 1) {                document.getElementById('page_number_0').value = 1;              }              else {                document.getElementById('page_number_0').value = x - 1;              }              break;            case -2:              document.getElementById('page_number_0').value = 1;              break;\t\t\t\t\t\tcase 0:              document.getElementById('page_number_0').value = x;              break;            default:              document.getElementById('page_number_0').value = 1;          }          bwg_ajax('gal_front_form_0', '0', 'bwg_image_browser_0', '0', '', 'gallery', 0, '', '', load_more, '', 1);        }                    jQuery('.first-page disabled').on('click', function () {              spider_page_0(this, 1, -2, 'numeric');              return false;            });            jQuery('.prev-page disabled').on('click', function () {              spider_page_0(this, 1, -1, 'numeric');              return false;            });            jQuery('.next-page-0').on('click', function () {              spider_page_0(this, 1, 1, 'numeric');              return false;            });            jQuery('.last-page-0').on('click', function () {              spider_page_0(this, 1, 2, 'numeric');              return false;            });        \t\t\t\t\/* Change page on input enter. *\/        function bwg_change_page_0( e, that ) {          if (  e.key == 'Enter' ) {            var to_page = parseInt(jQuery(that).val());            var pages_count = jQuery(that).parents(\".pagination-links\").data(\"pages-count\");            var current_url_param = jQuery(that).attr('data-url-info');            if (to_page > pages_count) {              to_page = 1;            }\t \t\t\t\t\t\t\t\t\t\t\t\tspider_page_0(this, to_page, 0, 'numeric');\t\t\t\t\t\t\treturn false;\t\t\t\t\t\t          }          return true;        }        jQuery('.bwg_load_btn_0').on('click', function () {            spider_page_0(this, 1, 1, true);            return false;        });      <\/script>      <\/span>                <\/div>        <\/form>        <style>          #bwg_container1_0 #bwg_container2_0 #spider_popup_overlay_0 {          background-color: #000000;          opacity: 0.70;          }          <\/style>        <div id=\"bwg_spider_popup_loading_0\" class=\"bwg_spider_popup_loading\"><\/div>        <div id=\"spider_popup_overlay_0\" class=\"spider_popup_overlay\" onclick=\"spider_destroypopup(1000)\"><\/div>        <input type=\"hidden\" id=\"bwg_random_seed_0\" value=\"721312623\">                <\/div>    <\/div>    <script>      if (document.readyState === 'complete') {        if( typeof bwg_main_ready == 'function' ) {          if ( jQuery(\"#bwg_container1_0\").height() ) {            bwg_main_ready(jQuery(\"#bwg_container1_0\"));          }        }      } else {        document.addEventListener('DOMContentLoaded', function() {          if( typeof bwg_main_ready == 'function' ) {            if ( jQuery(\"#bwg_container1_0\").height() ) {             bwg_main_ready(jQuery(\"#bwg_container1_0\"));            }          }        });      }    <\/script>    \n\n\n\n<h2 class=\"wp-block-heading has-text-align-center\"><em><strong><a href=\"https:\/\/danielthizy.fr\/compostelle\/fr-etape-31\/\">Parcourir l&rsquo;\u00e9tape suivante&#8230;<\/a><\/strong><\/em><\/h2>\n","protected":false},"excerpt":{"rendered":"<p>Mardi 30 ao\u00fbt 2005Navarrenx (Pyr\u00e9n\u00e9es Atlantique) \u2013 Ostabat (Pyr\u00e9n\u00e9es Atl) 46 km * Cumul 830 km Lever 6h30. Petit-d\u00e9jeuner 7h. D\u00e9marrage 7h30. Il faut traverser toute la ville pour retrouver le GR65. A la sortie, je traverse le Gave-d&rsquo;Ol\u00e9ron apr\u00e8s avoir pris quelques photos des remparts. Je suis bien d\u00e9cid\u00e9 \u00e0 prendre tous les raccourcis &#8230; <a title=\"Fr &#8211; \u00c9tape 30\" class=\"read-more\" href=\"https:\/\/danielthizy.fr\/compostelle\/de-marcenod-a-compostelle\/compostelle-france\/fr-etape-30\" aria-label=\"En savoir plus sur Fr &#8211; \u00c9tape 30\">Lire la suite<\/a><\/p>\n","protected":false},"author":1,"featured_media":0,"parent":374,"menu_order":31,"comment_status":"closed","ping_status":"closed","template":"","meta":{"two_page_speed":[],"footnotes":""},"class_list":["post-219","page","type-page","status-publish"],"_links":{"self":[{"href":"https:\/\/danielthizy.fr\/compostelle\/wp-json\/wp\/v2\/pages\/219","targetHints":{"allow":["GET"]}}],"collection":[{"href":"https:\/\/danielthizy.fr\/compostelle\/wp-json\/wp\/v2\/pages"}],"about":[{"href":"https:\/\/danielthizy.fr\/compostelle\/wp-json\/wp\/v2\/types\/page"}],"author":[{"embeddable":true,"href":"https:\/\/danielthizy.fr\/compostelle\/wp-json\/wp\/v2\/users\/1"}],"replies":[{"embeddable":true,"href":"https:\/\/danielthizy.fr\/compostelle\/wp-json\/wp\/v2\/comments?post=219"}],"version-history":[{"count":9,"href":"https:\/\/danielthizy.fr\/compostelle\/wp-json\/wp\/v2\/pages\/219\/revisions"}],"predecessor-version":[{"id":1732,"href":"https:\/\/danielthizy.fr\/compostelle\/wp-json\/wp\/v2\/pages\/219\/revisions\/1732"}],"up":[{"embeddable":true,"href":"https:\/\/danielthizy.fr\/compostelle\/wp-json\/wp\/v2\/pages\/374"}],"wp:attachment":[{"href":"https:\/\/danielthizy.fr\/compostelle\/wp-json\/wp\/v2\/media?parent=219"}],"curies":[{"name":"wp","href":"https:\/\/api.w.org\/{rel}","templated":true}]}}