{"id":25,"date":"2019-01-08T20:47:10","date_gmt":"2019-01-08T20:47:10","guid":{"rendered":"http:\/\/www.danielthizy.fr\/?page_id=25"},"modified":"2023-01-20T10:20:20","modified_gmt":"2023-01-20T14:20:20","slug":"de-marcenod-a-compostelle","status":"publish","type":"page","link":"https:\/\/danielthizy.fr\/compostelle\/","title":{"rendered":"De Marcenod \u00e0 Compostelle"},"content":{"rendered":"\n<div class=\"wp-block-columns are-vertically-aligned-top is-layout-flex wp-container-core-columns-is-layout-9d6595d7 wp-block-columns-is-layout-flex\">\n<div class=\"wp-block-column is-layout-flow wp-block-column-is-layout-flow\"><\/div>\n<\/div>\n\n\n\n<p><em>Ce site, destin\u00e9 \u00e0 ma famille et aux amis proches, pr\u00e9sente\nune exp\u00e9rience du \u00ab\u00a0Chemin\u00a0\u00bb avec toutes les tribulations\nqu&rsquo;il est difficile d&rsquo;appr\u00e9hender avant de les avoir v\u00e9cues. Le\nparcours s&rsquo;est effectu\u00e9 en deux \u00e9pisodes d&rsquo;environ 5 semaines\nchacun.<\/em><\/p>\n\n\n\n<p><em>La premi\u00e8re partie du chemin (Compostelle France) s&rsquo;est d\u00e9roul\u00e9e du 1er Ao\u00fbt au 4 Septembre 2005 en compagnie de ma ni\u00e8ce Julie (en cours d&rsquo;\u00e9tudes sup\u00e9rieures). Originaires tous deux d&rsquo;un petit village <a href=\"https:\/\/graphhopper.com\/maps\/?point=45.571787%2C4.482173_42140+Marcenod%2C+France&amp;point=45.571787%2C4.482173_Marcenod%2C+42140%2C+France&amp;profile=hike&amp;layer=TF+Outdoors\" data-type=\"URL\" data-id=\"https:\/\/graphhopper.com\/maps\/?point=45.571787%2C4.482173_42140+Marcenod%2C+France&amp;point=45.571787%2C4.482173_Marcenod%2C+42140%2C+France&amp;profile=hike&amp;layer=TF+Outdoors\" target=\"_blank\" rel=\"noreferrer noopener\">(Marcenod)<\/a> de la r\u00e9gion st\u00e9phanoise, il \u00e9tait impensable d&#8217;emprunter une autre voie que celle qui passait \u00e0 proximit\u00e9 (10 km) dite \u00ab\u00a0Voie de Cluny\u00a0\u00bb, elle-m\u00eame rejoignant la voie originelle du Puy-en-Velay (Via Podiensis), celle-l\u00e0 m\u00eame qu&rsquo;initia l&rsquo;\u00e9v\u00eaque <a rel=\"noreferrer noopener\" aria-label=\" (s\u2019ouvre dans un nouvel onglet)\" href=\"https:\/\/fr.wikipedia.org\/wiki\/Godescalc\" target=\"_blank\">Godescalc<\/a> durant l&rsquo;hiver 951. <\/em> <\/p>\n\n\n\n<p><em>Comme au Moyen-Age, nous sommes partis \u00e0 pied de notre\ndomicile, mais bien s\u00fbr, avec infiniment moins de risque de\nmauvaises rencontres et sans doute un peu plus de confort qu&rsquo;\u00e0 cette\n\u00e9poque h\u00e9ro\u00efque o\u00f9 le balisage \u00e9tait inexistant et le danger de\nse faire d\u00e9trousser, voire occire, permanent&#8230;<\/em><\/p>\n\n\n\n<p><em>J&rsquo;ai entrepris seul la deuxi\u00e8me partie (Compostelle Espagne)\nen Mai-juin 2010, lass\u00e9 d&rsquo;attendre, ann\u00e9e apr\u00e8s ann\u00e9e, que ma\nni\u00e8ce r\u00e9un\u00eet assez de motivation pour achever notre\np\u00e9r\u00e9grination&#8230;<\/em><\/p>\n\n\n\n<figure class=\"wp-block-image size-large is-style-default\"><a href=\"https:\/\/danielthizy.fr\/compostelle\/wp-content\/uploads\/2019\/01\/Les-chemins-de-St-Jacques-en-Europe.jpg\"><img loading=\"lazy\" decoding=\"async\" width=\"1024\" height=\"721\" src=\"https:\/\/danielthizy.fr\/compostelle\/wp-content\/uploads\/2019\/01\/Les-chemins-de-St-Jacques-en-Europe-1024x721.jpg\" alt=\"\" class=\"wp-image-29\" srcset=\"https:\/\/danielthizy.fr\/compostelle\/wp-content\/uploads\/2019\/01\/Les-chemins-de-St-Jacques-en-Europe-1024x721.jpg 1024w, https:\/\/danielthizy.fr\/compostelle\/wp-content\/uploads\/2019\/01\/Les-chemins-de-St-Jacques-en-Europe-300x211.jpg 300w, https:\/\/danielthizy.fr\/compostelle\/wp-content\/uploads\/2019\/01\/Les-chemins-de-St-Jacques-en-Europe-768x541.jpg 768w, https:\/\/danielthizy.fr\/compostelle\/wp-content\/uploads\/2019\/01\/Les-chemins-de-St-Jacques-en-Europe.jpg 1333w\" sizes=\"auto, (max-width: 1024px) 100vw, 1024px\" \/><\/a><\/figure>\n\n\n\n<h2 class=\"has-text-align-center wp-block-heading\"><strong><a href=\"https:\/\/danielthizy.fr\/compostelle\/de-marcenod-a-compostelle\/compostelle-france\/compostelle-france-2\/\" data-type=\"URL\">Compostelle France<\/a> &#8211; <a href=\"https:\/\/danielthizy.fr\/compostelle\/de-marcenod-a-compostelle\/compostelle-espagne\/es-preambule\/\">Compostelle Espagne<\/a><\/strong><\/h2>\n\n\n\n<p><\/p>\n","protected":false},"excerpt":{"rendered":"<p>Ce site, destin\u00e9 \u00e0 ma famille et aux amis proches, pr\u00e9sente une exp\u00e9rience du \u00ab\u00a0Chemin\u00a0\u00bb avec toutes les tribulations qu&rsquo;il est difficile d&rsquo;appr\u00e9hender avant de les avoir v\u00e9cues. Le parcours s&rsquo;est effectu\u00e9 en deux \u00e9pisodes d&rsquo;environ 5 semaines chacun. La premi\u00e8re partie du chemin (Compostelle France) s&rsquo;est d\u00e9roul\u00e9e du 1er Ao\u00fbt au 4 Septembre 2005 &#8230; <a title=\"De Marcenod \u00e0 Compostelle\" class=\"read-more\" href=\"https:\/\/danielthizy.fr\/compostelle\/\" aria-label=\"En savoir plus sur De Marcenod \u00e0 Compostelle\">Lire la suite<\/a><\/p>\n","protected":false},"author":1,"featured_media":0,"parent":0,"menu_order":1,"comment_status":"closed","ping_status":"closed","template":"","meta":{"two_page_speed":null,"footnotes":""},"class_list":["post-25","page","type-page","status-publish"],"_links":{"self":[{"href":"https:\/\/danielthizy.fr\/compostelle\/wp-json\/wp\/v2\/pages\/25","targetHints":{"allow":["GET"]}}],"collection":[{"href":"https:\/\/danielthizy.fr\/compostelle\/wp-json\/wp\/v2\/pages"}],"about":[{"href":"https:\/\/danielthizy.fr\/compostelle\/wp-json\/wp\/v2\/types\/page"}],"author":[{"embeddable":true,"href":"https:\/\/danielthizy.fr\/compostelle\/wp-json\/wp\/v2\/users\/1"}],"replies":[{"embeddable":true,"href":"https:\/\/danielthizy.fr\/compostelle\/wp-json\/wp\/v2\/comments?post=25"}],"version-history":[{"count":61,"href":"https:\/\/danielthizy.fr\/compostelle\/wp-json\/wp\/v2\/pages\/25\/revisions"}],"predecessor-version":[{"id":1611,"href":"https:\/\/danielthizy.fr\/compostelle\/wp-json\/wp\/v2\/pages\/25\/revisions\/1611"}],"wp:attachment":[{"href":"https:\/\/danielthizy.fr\/compostelle\/wp-json\/wp\/v2\/media?parent=25"}],"curies":[{"name":"wp","href":"https:\/\/api.w.org\/{rel}","templated":true}]}}