{"id":38,"date":"2019-01-08T21:34:29","date_gmt":"2019-01-08T21:34:29","guid":{"rendered":"http:\/\/www.danielthizy.fr\/?page_id=38"},"modified":"2021-03-23T09:30:31","modified_gmt":"2021-03-23T13:30:31","slug":"compostelle-france-2","status":"publish","type":"page","link":"https:\/\/danielthizy.fr\/compostelle\/de-marcenod-a-compostelle\/compostelle-france\/compostelle-france-2","title":{"rendered":"Compostelle France"},"content":{"rendered":"\n<figure class=\"wp-block-image size-full\"><img loading=\"lazy\" decoding=\"async\" width=\"1100\" height=\"442\" src=\"https:\/\/danielthizy.fr\/compostelle\/wp-content\/uploads\/2019\/01\/2005.0800-Marcenod.jpg\" alt=\"Image Marcenod\" class=\"wp-image-75\" srcset=\"https:\/\/danielthizy.fr\/compostelle\/wp-content\/uploads\/2019\/01\/2005.0800-Marcenod.jpg 1100w, https:\/\/danielthizy.fr\/compostelle\/wp-content\/uploads\/2019\/01\/2005.0800-Marcenod-300x121.jpg 300w, https:\/\/danielthizy.fr\/compostelle\/wp-content\/uploads\/2019\/01\/2005.0800-Marcenod-768x309.jpg 768w, https:\/\/danielthizy.fr\/compostelle\/wp-content\/uploads\/2019\/01\/2005.0800-Marcenod-1024x411.jpg 1024w\" sizes=\"auto, (max-width: 1100px) 100vw, 1100px\" \/><\/figure>\n\n\n\n<p class=\"has-drop-cap\"><strong>D<\/strong><br><br>epuis le d\u00e9but de l\u2019ann\u00e9e Julie, ma ni\u00e8ce, me bassinait&nbsp;par mail : \u00ab&nbsp;Qu\u2019as-tu pr\u00e9vu de faire pendant les vacances d\u2019\u00e9t\u00e9, moi je n\u2019ai aucun plan jusqu\u2019\u00e0 pr\u00e9sent. Ne pourrait-on pr\u00e9voir quelque chose ensemble\u2026 je ne sais pas quoi\u2026 une randonn\u00e9e en Corse par exemple ou ailleurs, quelque chose comme \u00e7a\u2026 Est-ce que \u00e7a te brancherait&nbsp;?\u2026&nbsp;\u00bb<\/p>\n\n\n\n<p>Je n\u2019avais encore rien pr\u00e9vu, et je n\u2019avais pas envie de\npr\u00e9voir quoique ce soit. Rien ne me \u00ab&nbsp;branchait&nbsp;\u00bb\nvraiment. J\u2019ai fait plusieurs semaines la sourde oreille, ne\nr\u00e9pondant pas ou \u00e0 c\u00f4t\u00e9 du sujet. Et puis un jour, une\nillumination en tombant sur un article dans un magazine : Compostelle\n!\u2026 J&rsquo;en avais entendu parler, mais je ne m&rsquo;\u00e9tais jamais appesanti\nsur le sujet. Cela faisait partie de ces choses qui pique la\ncuriosit\u00e9 mais que l\u2019on remet sempiternellement au lendemain en\nattendant d'\u00a0\u00bbavoir le temps\u00a0\u00bb, qu\u2019une opportunit\u00e9\nconcr\u00e8te et urgente se pr\u00e9sente\u2026<\/p>\n\n\n\n<p>Un rapide coup d\u2019\u0153il sur Internet. Visiblement l\u2019info ne\nmanquait pas. Je n\u2019imaginais pas qu\u2019un p\u00e8lerinage pouvait encore\nde nos jours susciter un tel engouement. J\u2019\u00e9tais vraiment surpris\u2026\nEnfin, un p\u00e8lerinage, le terme est un peu inad\u00e9quat, car nombre de\n\u00ab\u00a0p\u00e8lerins\u00a0\u00bb ont d&rsquo;autres motivations. 1800km, des \u00e9tapes\nde 25 km\u2026 et \u00e7a chaque jour pendant 2 mois\u2026 Hum, je n\u2019avais\nencore jamais fait \u00e7a, mais bon, s\u2019il y a autant de pingouins pour\nle faire, pourquoi pas moi !\u2026 Pourquoi pas nous !&#8230; Elle voulait\nmarcher, elle allait \u00eatre servie\u2026<\/p>\n\n\n\n<p>Tergiversations, consultations de sites pour cerner d&rsquo;un peu plus\npr\u00e8s la question, estimation des difficult\u00e9s, du temps n\u00e9cessaire,\ndisponible, de la quantit\u00e9 de \u00ab&nbsp;p\u00e9p\u00e8tes&nbsp;\u00bb strictement\nindispensable \u00e0 la r\u00e9alisation du projet\u2026 Enthousiasme\nfinalement.<\/p>\n\n\n\n<p>D\u00e9cision prise, il va falloir maintenant planifier tout \u00e7a dans\nle d\u00e9tail. Lecture attentive des diff\u00e9rents sites pour en fin de\ncompte m\u2019arr\u00eater sur quelques-uns qui aident au choix de\nl\u2019itin\u00e9raire, fournissent de la documentation et orientent vers\nles ouvrages indispensables \u00e0 la ma\u00eetrise d\u2019une pr\u00e9paration\ns\u00e9rieuse et n\u00e9cessaire.<\/p>\n\n\n\n<p>La Via PODIENSIS ou route du Puy-en-Velay, la plus proche de\nMarcenod, et aussi la plus anciennement connue depuis que l\u2019\u00e9v\u00eaque\nGODESCALC s\u2019est rendu \u00e0 Compostelle durant l\u2019hiver 951. Le\np\u00e8lerin m\u00e9di\u00e9val partait de chez lui \u00e0 pied. S\u2019il rejoignait\nses semblables en certains lieux pour \u00ab&nbsp;faire le chemin&nbsp;\u00bb,\nc\u2019\u00e9tait surtout par souci de s\u00e9curit\u00e9 et d\u2019entraide. Nous\nferons de m\u00eame pour tenter de retrouver un peu de cet esprit-l\u00e0\u2026<\/p>\n\n\n\n<p>La plupart des guides conseillent des \u00e9tapes journali\u00e8res\nd\u2019environ 25 km, ce qui est tout \u00e0 fait tenable dans des\nconditions normales : beau temps, d\u00e9nivel\u00e9 moyen, minimum\nd\u2019entra\u00eenement \u00e0 la marche. Nous avons par contre des contraintes\nde dates : Julie travaille jusqu\u2019\u00e0 fin juillet, et nous devons\n\u00eatre rentr\u00e9s pour le mariage d\u2019Edith (fille de Christian mon\nfr\u00e8re) et Manu le 10 septembre. Il faudra donc s&rsquo;y prendre en deux\nfois. Notre calendrier nous am\u00e8ne en 36 jours et quelques 900km le\nlundi 5 septembre \u00e0 St Jean Pied de Port. Sauf que je me suis promis\nd\u2019arriver jusqu\u2019\u00e0 Lourdes, o\u00f9 je n&rsquo;ai jamais mis les pieds, 140\nkm plus \u00e0 l\u2019Est et qu\u2019il me faut pour cela trouver le moyen de\ngagner 5 jours sur l\u2019ensemble du parcours\u2026<\/p>\n\n\n\n<div class=\"wp-block-image\"><figure class=\"aligncenter size-full\"><img loading=\"lazy\" decoding=\"async\" width=\"744\" height=\"568\" src=\"https:\/\/danielthizy.fr\/compostelle\/wp-content\/uploads\/2019\/01\/2005.0801.carte00.ViaPodiensis.jpg\" alt=\"Carte Via Podiensis\" class=\"wp-image-39\" srcset=\"https:\/\/danielthizy.fr\/compostelle\/wp-content\/uploads\/2019\/01\/2005.0801.carte00.ViaPodiensis.jpg 744w, https:\/\/danielthizy.fr\/compostelle\/wp-content\/uploads\/2019\/01\/2005.0801.carte00.ViaPodiensis-300x229.jpg 300w\" sizes=\"auto, (max-width: 744px) 100vw, 744px\" \/><\/figure><\/div>\n\n\n\n<div class=\"wp-block-media-text alignwide is-stacked-on-mobile is-image-fill\" style=\"grid-template-columns:21% auto\"><figure class=\"wp-block-media-text__media\" style=\"background-image:url(https:\/\/danielthizy.fr\/compostelle\/wp-content\/uploads\/2019\/01\/Coquille.St_.Jacques.EU_.jpg);background-position:50% 50%\"><img loading=\"lazy\" decoding=\"async\" width=\"127\" height=\"121\" src=\"https:\/\/danielthizy.fr\/compostelle\/wp-content\/uploads\/2019\/01\/Coquille.St_.Jacques.EU_.jpg\" alt=\"Coquille St Jacques\" class=\"wp-image-28 size-full\"\/><\/figure><div class=\"wp-block-media-text__content\">\n<p class=\"has-medium-font-size\"><strong>Pourquoi la coquille ?&#8230;<\/strong> &nbsp; Au d\u00e9but des p\u00e8lerinages de Saint-Jacques-de-Compostelle, les marcheurs ramassaient des coquilles qu\u2019ils trouvaient sur les plages de Galice et les portaient fi\u00e8rement \u00e0 leur retour comme preuve de leur p\u00e9riple et comme souvenir. Elle leur permettait aussi de se distinguer des autres voyageurs, de boire dans les fontaines et demander l\u2019aum\u00f4ne aux habitants.<br> <em>Source: <a href=\"https:\/\/www.via-compostela.com\/fr\">http:\/\/www.via-compostela.com\/fr<\/a><\/em><\/p>\n<\/div><\/div>\n\n\n\n<h2 class=\"has-text-align-center wp-block-heading\"><strong><a href=\"https:\/\/danielthizy.fr\/compostelle\/de-marcenod-a-compostelle\/compostelle-france\/fr-etape-01\"><em>Parcourir l&rsquo;\u00e9tape suivante&#8230;<\/em><\/a><\/strong><\/h2>\n","protected":false},"excerpt":{"rendered":"<p>D epuis le d\u00e9but de l\u2019ann\u00e9e Julie, ma ni\u00e8ce, me bassinait&nbsp;par mail : \u00ab&nbsp;Qu\u2019as-tu pr\u00e9vu de faire pendant les vacances d\u2019\u00e9t\u00e9, moi je n\u2019ai aucun plan jusqu\u2019\u00e0 pr\u00e9sent. Ne pourrait-on pr\u00e9voir quelque chose ensemble\u2026 je ne sais pas quoi\u2026 une randonn\u00e9e en Corse par exemple ou ailleurs, quelque chose comme \u00e7a\u2026 Est-ce que \u00e7a te &#8230; <a title=\"Compostelle France\" class=\"read-more\" href=\"https:\/\/danielthizy.fr\/compostelle\/de-marcenod-a-compostelle\/compostelle-france\/compostelle-france-2\" aria-label=\"En savoir plus sur Compostelle France\">Lire la suite<\/a><\/p>\n","protected":false},"author":1,"featured_media":0,"parent":374,"menu_order":1,"comment_status":"closed","ping_status":"closed","template":"","meta":{"two_page_speed":[],"footnotes":""},"class_list":["post-38","page","type-page","status-publish"],"_links":{"self":[{"href":"https:\/\/danielthizy.fr\/compostelle\/wp-json\/wp\/v2\/pages\/38","targetHints":{"allow":["GET"]}}],"collection":[{"href":"https:\/\/danielthizy.fr\/compostelle\/wp-json\/wp\/v2\/pages"}],"about":[{"href":"https:\/\/danielthizy.fr\/compostelle\/wp-json\/wp\/v2\/types\/page"}],"author":[{"embeddable":true,"href":"https:\/\/danielthizy.fr\/compostelle\/wp-json\/wp\/v2\/users\/1"}],"replies":[{"embeddable":true,"href":"https:\/\/danielthizy.fr\/compostelle\/wp-json\/wp\/v2\/comments?post=38"}],"version-history":[{"count":16,"href":"https:\/\/danielthizy.fr\/compostelle\/wp-json\/wp\/v2\/pages\/38\/revisions"}],"predecessor-version":[{"id":1540,"href":"https:\/\/danielthizy.fr\/compostelle\/wp-json\/wp\/v2\/pages\/38\/revisions\/1540"}],"up":[{"embeddable":true,"href":"https:\/\/danielthizy.fr\/compostelle\/wp-json\/wp\/v2\/pages\/374"}],"wp:attachment":[{"href":"https:\/\/danielthizy.fr\/compostelle\/wp-json\/wp\/v2\/media?parent=38"}],"curies":[{"name":"wp","href":"https:\/\/api.w.org\/{rel}","templated":true}]}}