{"id":387,"date":"2019-01-11T20:26:37","date_gmt":"2019-01-12T00:26:37","guid":{"rendered":"http:\/\/www.danielthizy.fr\/?page_id=387"},"modified":"2021-03-26T17:14:35","modified_gmt":"2021-03-26T21:14:35","slug":"telecharger-installer-organiser","status":"publish","type":"page","link":"https:\/\/danielthizy.fr\/compostelle\/de-marcenod-a-compostelle\/tuto-xnview\/telecharger-installer-organiser","title":{"rendered":"T\u00e9l\u00e9charger, installer, organiser XnView"},"content":{"rendered":"\n<p class=\"has-small-font-size\"><em>(Avertissement: Si vous souhaitez agrandir les images ci-dessous, tenez la touche \u00ab\u00a0Ctrl\u00a0\u00bb de votre clavier enfonc\u00e9e, et jouez avec la molette de votre souris.)<\/em><\/p>\n\n\n\n<p><strong> XnView, le couteau suisse de la gestion de photos.<br>Comme l&rsquo;affirme la r\u00e9clame: \u00ab\u00a0L&rsquo;essayer c&rsquo;est l&rsquo;adopter\u00a0\u00bb.<\/strong><\/p>\n\n\n\n<p>Comme pour tous les logiciels, il est pr\u00e9f\u00e9rable de le\nt\u00e9l\u00e9charger \u00e0 partir du site m\u00eame de l&rsquo;\u00e9diteur. Ici nous allons\nprendre la version \u00e9tendue pour Windows \u00ab\u00a0<a href=\"http:\/\/download3.xnview.com\/XnView-win-full.exe\">XnView\nExt. Setup\u00a0\u00bb<\/a>.<\/p>\n\n\n\n<p>Si votre navigateur est r\u00e9gl\u00e9 correctement, le fichier\n\u00ab\u00a0XnView-win-full.exe\u00a0\u00bb doit se trouver dans votre dossier\nT\u00e9l\u00e9chargements. Double-cliquez sur ce fichier pour lancer\nl&rsquo;installation. Choisissez:<br>\n&#8211; Fran\u00e7ais<br>\n&#8211; Je comprends et\nj&rsquo;accepte&#8230;<br>\n&#8211; Suivant, Suivant, Suivant,<br>\n&#8211; Installer<br>\n&#8211;\nD\u00e9cochez \u00ab\u00a0Voir le LisezMoi\u00a0\u00bb<br>\n&#8211; Cochez \u00ab\u00a0D\u00e9marrer\nXnView\u00a0\u00bb<br>\n&#8211; Terminer.<\/p>\n\n\n\n<p>Comme pour tous les logiciels, vous n&rsquo;\u00e9chapperez pas \u00e0 un temps\nd&rsquo;adaptation.<br>\nPour savoir ce que font toutes les ic\u00f4nes et les\nitems des menus, il n&rsquo;y a pas d&rsquo;autre solution que de cliquer dessus.<\/p>\n\n\n\n<p>1\u00e8re chose \u00e0 faire, c&rsquo;est d&rsquo;avoir un \u00e9cran bien ordonn\u00e9,\nlisible et permettant d&rsquo;acc\u00e9der \u00e0 un maximum de possibilit\u00e9s\nd&rsquo;actions.<br>\nJe vous conseille donc ce type d&rsquo;organisation de vos\nonglets:<br>\n&#8211; Onglet gauche: arborescence de vos dossiers.<br>\n&#8211;\nOnglet central: Liste des sous-dossiers et fichiers.<br>\n&#8211; Onglet\ndroit: Aper\u00e7u.<br>\nPour ce faire, regardez les captures d&rsquo;\u00e9crans\nsuivantes qui vous montrent o\u00f9 cliquer:<\/p>\n\n\n\n<p>Choisir l&rsquo;affichage sous forme de liste:<\/p>\n\n\n\n<figure class=\"wp-block-image\"><img loading=\"lazy\" decoding=\"async\" width=\"619\" height=\"349\" src=\"https:\/\/localhost\/compostelle\/wp-content\/uploads\/2019\/01\/XnViaew-01-liste.jpg\" alt=\"XnView-01-liste\" class=\"wp-image-855\" srcset=\"https:\/\/danielthizy.fr\/compostelle\/wp-content\/uploads\/2019\/01\/XnViaew-01-liste.jpg 619w, https:\/\/danielthizy.fr\/compostelle\/wp-content\/uploads\/2019\/01\/XnViaew-01-liste-300x169.jpg 300w\" sizes=\"auto, (max-width: 619px) 100vw, 619px\" \/><\/figure>\n\n\n\n<p>Disposition de vos onglets:<\/p>\n\n\n\n<figure class=\"wp-block-image\"><img loading=\"lazy\" decoding=\"async\" width=\"633\" height=\"553\" src=\"https:\/\/localhost\/compostelle\/wp-content\/uploads\/2019\/01\/XnView-02-disposition01.jpg\" alt=\"XnView-02-disposition01\" class=\"wp-image-856\" srcset=\"https:\/\/danielthizy.fr\/compostelle\/wp-content\/uploads\/2019\/01\/XnView-02-disposition01.jpg 633w, https:\/\/danielthizy.fr\/compostelle\/wp-content\/uploads\/2019\/01\/XnView-02-disposition01-300x262.jpg 300w\" sizes=\"auto, (max-width: 633px) 100vw, 633px\" \/><\/figure>\n\n\n\n<p>Voil\u00e0 le r\u00e9sultat que vous devez obtenir&#8230; <br> &#8211; \u00e0 gauche l&rsquo;arborescence de vos dossiers,<br> &#8211; au centre la liste des sous-dossiers et fichiers (3 colonnes),<br> &#8211; \u00e0 droite le volet de visualisation&#8230;<\/p>\n\n\n\n<figure class=\"wp-block-image\"><img loading=\"lazy\" decoding=\"async\" width=\"1024\" height=\"563\" src=\"https:\/\/localhost\/compostelle\/wp-content\/uploads\/2019\/01\/XnView-02-disposition02-1024x563.jpg\" alt=\"XnView-02-disposition02\" class=\"wp-image-857\" srcset=\"https:\/\/danielthizy.fr\/compostelle\/wp-content\/uploads\/2019\/01\/XnView-02-disposition02-1024x563.jpg 1024w, https:\/\/danielthizy.fr\/compostelle\/wp-content\/uploads\/2019\/01\/XnView-02-disposition02-300x165.jpg 300w, https:\/\/danielthizy.fr\/compostelle\/wp-content\/uploads\/2019\/01\/XnView-02-disposition02-768x422.jpg 768w, https:\/\/danielthizy.fr\/compostelle\/wp-content\/uploads\/2019\/01\/XnView-02-disposition02.jpg 1920w\" sizes=\"auto, (max-width: 1024px) 100vw, 1024px\" \/><\/figure>\n\n\n\n<h2 class=\"has-text-align-center wp-block-heading\"><em><strong><a href=\"https:\/\/danielthizy.fr\/compostelle\/de-marcenod-a-compostelle\/tuto-xnview\/parametrer-xnview\">Param\u00e8trer Xnview&#8230;<\/a><\/strong><\/em><\/h2>\n","protected":false},"excerpt":{"rendered":"<p>(Avertissement: Si vous souhaitez agrandir les images ci-dessous, tenez la touche \u00ab\u00a0Ctrl\u00a0\u00bb de votre clavier enfonc\u00e9e, et jouez avec la molette de votre souris.) XnView, le couteau suisse de la gestion de photos.Comme l&rsquo;affirme la r\u00e9clame: \u00ab\u00a0L&rsquo;essayer c&rsquo;est l&rsquo;adopter\u00a0\u00bb. Comme pour tous les logiciels, il est pr\u00e9f\u00e9rable de le t\u00e9l\u00e9charger \u00e0 partir du site m\u00eame &#8230; <a title=\"T\u00e9l\u00e9charger, installer, organiser XnView\" class=\"read-more\" href=\"https:\/\/danielthizy.fr\/compostelle\/de-marcenod-a-compostelle\/tuto-xnview\/telecharger-installer-organiser\" aria-label=\"En savoir plus sur T\u00e9l\u00e9charger, installer, organiser XnView\">Lire la suite<\/a><\/p>\n","protected":false},"author":1,"featured_media":0,"parent":756,"menu_order":2,"comment_status":"closed","ping_status":"closed","template":"","meta":{"two_page_speed":[],"footnotes":""},"class_list":["post-387","page","type-page","status-publish"],"_links":{"self":[{"href":"https:\/\/danielthizy.fr\/compostelle\/wp-json\/wp\/v2\/pages\/387","targetHints":{"allow":["GET"]}}],"collection":[{"href":"https:\/\/danielthizy.fr\/compostelle\/wp-json\/wp\/v2\/pages"}],"about":[{"href":"https:\/\/danielthizy.fr\/compostelle\/wp-json\/wp\/v2\/types\/page"}],"author":[{"embeddable":true,"href":"https:\/\/danielthizy.fr\/compostelle\/wp-json\/wp\/v2\/users\/1"}],"replies":[{"embeddable":true,"href":"https:\/\/danielthizy.fr\/compostelle\/wp-json\/wp\/v2\/comments?post=387"}],"version-history":[{"count":10,"href":"https:\/\/danielthizy.fr\/compostelle\/wp-json\/wp\/v2\/pages\/387\/revisions"}],"predecessor-version":[{"id":1546,"href":"https:\/\/danielthizy.fr\/compostelle\/wp-json\/wp\/v2\/pages\/387\/revisions\/1546"}],"up":[{"embeddable":true,"href":"https:\/\/danielthizy.fr\/compostelle\/wp-json\/wp\/v2\/pages\/756"}],"wp:attachment":[{"href":"https:\/\/danielthizy.fr\/compostelle\/wp-json\/wp\/v2\/media?parent=387"}],"curies":[{"name":"wp","href":"https:\/\/api.w.org\/{rel}","templated":true}]}}