{"id":558,"date":"2019-01-12T23:24:18","date_gmt":"2019-01-12T23:24:18","guid":{"rendered":"http:\/\/www.danielthizy.fr\/?page_id=558"},"modified":"2025-07-18T12:10:09","modified_gmt":"2025-07-18T16:10:09","slug":"es-etape-05","status":"publish","type":"page","link":"https:\/\/danielthizy.fr\/compostelle\/de-marcenod-a-compostelle\/compostelle-espagne\/es-etape-05","title":{"rendered":"Es &#8211; \u00c9tape 05"},"content":{"rendered":"\n<p class=\"has-text-color\" style=\"color:#0064a3;font-size:25px\"><strong>Vendredi\n7 Mai&nbsp;2010 Puente la Reina &#8211; Estella . 24 km &#8211; Cumul 118 km<\/strong><\/p>\n\n\n<div class=\"wp-block-image\">\n<figure class=\"aligncenter size-large\"><a href=\"https:\/\/graphhopper.com\/maps\/?point=42.673404%2C-1.810395&amp;point=42.671921%2C-2.028136&amp;profile=hike&amp;layer=TF+Outdoors\" target=\"_blank\" rel=\"noopener noreferrer\"><img loading=\"lazy\" decoding=\"async\" width=\"919\" height=\"426\" src=\"https:\/\/localhost\/compostelle\/wp-content\/uploads\/2020\/04\/2010.0501.Carte05.PuentelaReina-Estella.jpg\" alt=\"\" class=\"wp-image-1121\" srcset=\"https:\/\/danielthizy.fr\/compostelle\/wp-content\/uploads\/2020\/04\/2010.0501.Carte05.PuentelaReina-Estella.jpg 919w, https:\/\/danielthizy.fr\/compostelle\/wp-content\/uploads\/2020\/04\/2010.0501.Carte05.PuentelaReina-Estella-300x139.jpg 300w, https:\/\/danielthizy.fr\/compostelle\/wp-content\/uploads\/2020\/04\/2010.0501.Carte05.PuentelaReina-Estella-768x356.jpg 768w\" sizes=\"auto, (max-width: 919px) 100vw, 919px\" \/><\/a><\/figure>\n<\/div>\n\n\n<p class=\"has-drop-cap\">C<br>e con de Yong se l\u00e8ve \u00e0 5h30. Je ne regarde pas ma montre et me l\u00e8ve aussi pensant que 6h sont pass\u00e9es. La moiti\u00e9 du dortoir est d\u00e9j\u00e0 partie. Ils sont tous barjos ! Comme j\u2019ai une barbe de 4 jours, je profite de cette heure matinale pour m\u2019en occuper. Avant de partir nous prenons un caf\u00e9 au distributeur, d\u00e9gueulasse bien s\u00fbr&#8230;<\/p>\n\n\n\n<p>En traversant la ville, nous trouvons un salon p\u00e2tisserie ouvert. Yong m\u2019arr\u00eate : Pour lui p\u00e2tisserie = croissant, il ne tourne qu\u2019\u00e0 \u00e7a ce con ! Je lui r\u00e9p\u00e8te qu\u2019un croissant c\u2019est insuffisant pour marcher 20km et que nous devrions plut\u00f4t nous orienter vers des fruits et des bocadillos (sandwiches) plus consistants. Il me r\u00e9pond que pour l\u2019heure nous en prendrons deux. Je me laisse convaincre et nous engloutissons, lui deux croissants, moi deux pains au chocolat, tout gras, plein de beurre, d\u00e9gueulasses. J\u2019ai peur de les avoir sur l\u2019estomac le reste de la matin\u00e9e\u2026 Mais non finalement, il doit \u00eatre en ce moment trop avide pour protester.<\/p>\n\n\n\n<p>Nous marchons, nous marchons sans arr\u00eat, comme des malades. Il\nfait frais, mais il fait soleil. Surtout ne pas se plaindre, le\nsoleil est si rare depuis le d\u00e9part. Les bourbiers de la veille ont\ndisparu. J\u2019ai bien fait de nettoyer un peu mes chaussures. Je ne\nvoulais pas m\u2019encombrer de b\u00e2tons, mais j\u2019ai finalement bien\nfait d\u2019en acheter une paire qui s\u2019av\u00e8rent tr\u00e8s utiles, surtout\nlorsque l\u2019on est bless\u00e9, mais pas seulement. En mont\u00e9e, ils\npermettent de tirer avec les bras, en descente ou dans les endroits\ncahoteux, de conserver l\u2019\u00e9quilibre et par l\u00e0 de m\u00e9nager les\nmuscles et les articulations des genoux et des chevilles.<\/p>\n\n\n\n<p>A 13h nous sommes \u00e0 Estella et trouvons sans trop de peine \u00ab el\nrefugio parroquial San Miguel \u00bb (refuge paroissial St Michel).\nL\u2019accueil n\u2019ouvre qu\u2019\u00e0 13h30 mais la porte est ouverte. J\u2019en\nprofite pour aller prendre une douche avant que ce ne soit la cohue.\nA 14h je me glisse dans le flot des p\u00e8lerins nouvellement arriv\u00e9s\npour accomplir les formalit\u00e9s d\u2019usage. Nous sommes 16 dans notre\nchambre, et il y a au moins une autre chambre comme la n\u00f4tre. J\u2019ai\ntrop mal au talon pour aller me rendre compte. Comme les autres\njours, j\u2019ai enlev\u00e9 mon pansement apr\u00e8s la douche, et je pulv\u00e9rise\nmon talon de mercurochrome incolore toutes les heures en esp\u00e9rant\nune accalmie.<\/p>\n\n\n\n<p>J\u2019ai achet\u00e9 4 cartes postales hier et je profite de\nl\u2019apr\u00e8s-midi pour \u00e9crire. Quelle gr\u00e2ce tous les jours, cet\napr\u00e8s-midi de repos ! Si je n\u2019\u00e9tais pas handicap\u00e9 par cette\nhistoire de talon, nous irions faire un tour en ville, mais il fait\ntrop froid pour sortir en tongs et tra\u00eener de surcro\u00eet ma patte\nfolle sans protection. Il fait si bon sous les couvertures.<\/p>\n\n\n\n<p><em>Yong a voulu m\u2019accompagner pour la messe de 19h. Nous nous\nsommes faits avoir au refuge : Le repas du soir n\u2019\u00e9tait compos\u00e9\nque d\u2019un plat de spaghettis bolognaises, en quantit\u00e9 bien trop\nlimit\u00e9e pour rassasier des p\u00e8lerins affam\u00e9s. Nous avons d\u00fb\nressortir pour d\u00eener. Salade de crudit\u00e9s, filet de b\u0153uf frites, un\nfilet de b\u0153uf aussi mince qu\u2019une tranche de jambon, glace. Menu\nbien chiche pour 9\u20ac. De plus nous avons \u00e9t\u00e9 install\u00e9s comme des\nchiens juste en face de la porte d\u2019entr\u00e9e. Cette \u00ab excellente \u00bb\nprestation leur a valu un pourboire du m\u00eame ordre : nul.<\/em><\/p>\n\n\n\n<p style=\"color:#0072a3;text-align:center\" class=\"has-text-color has-medium-font-size\"><strong><em>Cliquez sur la miniature pour voir les photos\u2026 (Touche \u00ab\u00a0\u00e9chap\u00a0\u00bb pour quitter)<\/em><\/strong><\/p>\n\n\n\n<style id=\"bwg-style-0\">      #bwg_container1_0 #bwg_container2_0 .image_browser_images_conteiner_0 * {        -moz-box-sizing: border-box;        box-sizing: border-box;      }      #bwg_container1_0 #bwg_container2_0 .image_browser_images_conteiner_0{\t\tbackground-color: rgba(255, 255, 255, 0.90);\t\ttext-align: center;\t\twidth: 100%;\t\tborder-style: solid;\t\tborder-width: 1px;\t\tborder-color: #EDEDED;\t\tpadding: 4px;\t\tborder-radius: 0;\t\tposition:relative;      }      #bwg_container1_0 #bwg_container2_0 .image_browser_images_0 {\t\tdisplay: inline-block;\t\t-moz-box-sizing: border-box;\t\tbox-sizing: border-box;\t\tfont-size: 0;\t\ttext-align: center;\t\tmax-width: 100%;\t\twidth: 100%;      }      #bwg_container1_0 #bwg_container2_0 .image_browser_image_buttons_conteiner_0 {\t\ttext-align: center;      }      #bwg_container1_0 #bwg_container2_0 .image_browser_image_buttons_0 {\t\tdisplay: inline-block;\t\twidth:100%;      }      #bwg_container1_0 #bwg_container2_0 .bwg_image_browser_image_0 {        background-color: rgba(232, 232, 232, 0.80);\t\ttext-align: center;\t\tdisplay: inline-block;\t\tvertical-align: middle;\t\tmargin: 2px auto;\t\tpadding: 4px;\t\tborder-radius: 2px;\t\tborder: 1px none #E8E8E8;\t\tbox-shadow: ;\t\tmax-width: 100px;\t\twidth: 100%;\t\t\/*z-index: 100;*\/\t\tposition: relative;      }      #bwg_container1_0 #bwg_container2_0 .bwg_image_alt_0{\t\tdisplay: table;\t\twidth: 100%;\t\tfont-size: 14px;\t\tfont-family: Ubuntu;\t\tcolor: #000000;\t\ttext-align:center;\t\tpadding-left: 8px;        word-break: break-word;      }      #bwg_container1_0 #bwg_container2_0 .bwg_image_browser_img_0 {        padding: 0 !important;\t\tmax-width: 100% !important;\t\theight: inherit !important;\t\twidth: 100%;      }      @media only screen and (max-width : 320px) {\t\t#bwg_container1_0 #bwg_container2_0 .displaying-num_0 {\t\t  display: none;\t\t}\t\t#bwg_container1_0 #bwg_container2_0 .bwg_image_alt_0 {\t\t  font-size: 10px !important;\t\t}\t\t#bwg_container1_0 #bwg_container2_0 .bwg_watermark_text_0,\t\t#bwg_container1_0 #bwg_container2_0 .bwg_watermark_text_0:hover {\t\t  font-size: 10px !important;\t\t  text-decoration: none;\t\t  margin: 4px;\t\t  font-family: Arial;\t\t  color: #FFFFFF !important;\t\t  opacity: 0.30;\t\t  text-decoration: none;\t\t  position: relative;\t\t  z-index: 10141;\t\t}\t\t#bwg_container1_0 #bwg_container2_0 .bwg_image_browser_image_description_0 {\t\t  color: #000000;\t\t  display: table;\t\t  width: 100%;\t\t  text-align: left;\t\t  font-size: 8px !important;\t\t  font-family: Ubuntu;\t\t  padding: 8px 8px 8px 8px;\t\t  \/*word-break: break-all;*\/\t\t  border-style: none;\t\t  background-color: #E8E8E8;\t\t  border-radius: 0;\t\t  border-width: 1px;\t\t}\t\t#bwg_container1_0 #bwg_container2_0 .tablenav-pages_0 a {\t\t  font-size: 10px !important;\t\t}      }      #bwg_container1_0 #bwg_container2_0 .bwg_image_browser_image_desp_0 {\t\t\t\tdisplay: table;\t\t\t\tclear: both;\t\t\t\ttext-align: center;        padding: 24px 0px 0px 0px;\t\t\t\twidth: 100%;      }      #bwg_container1_0 #bwg_container2_0 .bwg_image_browser_image_description_0 {        color: #000000;\t\tdisplay: table;\t\twidth: 100%;\t\ttext-align: left;\t\tfont-size: 14px;\t\tfont-family: Ubuntu;\t\tpadding: 8px 8px 8px 8px;\t\tword-break: break-word;\t\tborder-style: none;\t\tbackground-color: #E8E8E8;\t\tborder-radius: 0;\t\tborder-width: 1px;      }      #bwg_container1_0 #bwg_container2_0 .bwg_image_browser_image_alt_0 {      \tdisplay:table;        clear: both;        text-align: center;        padding: 8px;        width: 100%;      }      \/*watermark*\/      #bwg_container1_0 #bwg_container2_0 .bwg_watermark_text_0,      #bwg_container1_0 #bwg_container2_0 .bwg_watermark_text_0:hover {        text-decoration: none;        margin: 4px;        font-size: 20px;        font-family: Arial;        color: #FFFFFF !important;        opacity: 0.30;        position: relative;        z-index: 10141;      }      #bwg_container1_0 #bwg_container2_0 .bwg_image_browser_image_contain_0{        position: absolute;        text-align: center;        vertical-align: middle;        width: 100%;        height: 100%;        cursor: pointer;      }      #bwg_container1_0 #bwg_container2_0 .bwg_image_browser_watermark_contain_0{        display: table;        vertical-align: middle;        width: 100%;        height: 100%;      }\t       #bwg_container1_0 #bwg_container2_0 .bwg_image_browser_watermark_cont_0{        display: table-cell;        text-align: ;        position: relative;        vertical-align: ;      }      #bwg_container1_0 #bwg_container2_0 .bwg_image_browser_watermark_0{\t\tdisplay: inline-block;\t\toverflow: hidden;\t\tposition: relative;\t\tvertical-align: middle;\t\tz-index: 10140;\t\twidth: 90px;\t\tmax-width: 90%;\t\tmargin: 10px 10px 10px 10px ;      }      #bwg_container1_0 #bwg_container2_0 .bwg_image_browser_watermark_text_0{        display: inline-block;\t\toverflow: hidden;\t\tposition: relative;\t\tvertical-align: middle;\t\tz-index: 10140;\t\tmargin: 10px 10px 10px 10px;      }      #bwg_container1_0 #bwg_container2_0 .bwg_image_browser_watermark_img_0{        max-width: 100%;        opacity: 0.30;        position: relative;        z-index: 10141;      }      #bwg_container1_0 #bwg_container2_0 .bwg_none_selectable {        -webkit-touch-callout: none;        -webkit-user-select: none;        -khtml-user-select: none;        -moz-user-select: none;        -ms-user-select: none;        user-select: none;       ecoration: none;    }    #bwg_container1_0 #bwg_container2_0 .bwg_gal_title_0 {      background-color: rgba(0, 0, 0, 0);      color: #323A45;      display: block;      font-family: Ubuntu;      font-size: 16px;      font-weight: bold;      padding: 2px;      text-shadow: 0px 0px 0px #888888;      text-align: center;    }    <\/style>    <div id=\"bwg_container1_0\"         class=\"bwg_container bwg_thumbnail bwg_image_browser \"         data-right-click-protection=\"0\"         data-bwg=\"0\"         data-scroll=\"0\"         data-gallery-type=\"image_browser\"         data-gallery-view-type=\"image_browser\"         data-current-url=\"\/compostelle\/wp-json\/wp\/v2\/pages\/558\"         data-lightbox-url=\"https:\/\/danielthizy.fr\/compostelle\/wp-admin\/admin-ajax.php?action=GalleryBox&#038;current_view=0&#038;gallery_id=43&#038;tag=0&#038;theme_id=2&#038;shortcode_id=118&#038;sort_by=filename&#038;order_by=asc&#038;current_url=%2Fcompostelle%2Fwp-json%2Fwp%2Fv2%2Fpages%2F558\"         data-gallery-id=\"43\"         data-popup-width=\"800\"         data-popup-height=\"500\"         data-is-album=\"gallery\"         data-buttons-position=\"bottom\">      <div id=\"bwg_container2_0\">             <div id=\"ajax_loading_0\" class=\"bwg_loading_div_1\">      <div class=\"bwg_loading_div_2\">        <div class=\"bwg_loading_div_3\">          <div id=\"loading_div_0\" class=\"bwg_spider_ajax_loading\">          <\/div>        <\/div>      <\/div>    <\/div>            <form id=\"gal_front_form_0\"              class=\"bwg-hidden\"              method=\"post\"              action=\"#\"              data-current=\"0\"              data-shortcode-id=\"118\"              data-gallery-type=\"image_browser\"              data-gallery-id=\"43\"              data-tag=\"0\"              data-album-id=\"0\"              data-theme-id=\"2\"              data-ajax-url=\"https:\/\/danielthizy.fr\/compostelle\/wp-admin\/admin-ajax.php?action=bwg_frontend_data\">          <div id=\"bwg_container3_0\" class=\"bwg-background bwg-background-0\">            \t  <div id=\"bwg_image_browser_0\" class=\"image_browser_images_conteiner_0 bwg-image_browser-images-wrapper bwg-container\"         data-params='{&quot;is_pro&quot;:false,&quot;image_right_click&quot;:&quot;0&quot;,&quot;gallery_id&quot;:&quot;43&quot;}'         data-bwg=\"0\"         data-lightbox-url=\"https:\/\/danielthizy.fr\/compostelle\/wp-admin\/admin-ajax.php?action=GalleryBox&#038;current_view=0&#038;gallery_id=43&#038;tag=0&#038;theme_id=2&#038;shortcode_id=118&#038;sort_by=filename&#038;order_by=asc&#038;current_url=%2Fcompostelle%2Fwp-json%2Fwp%2Fv2%2Fpages%2F558\">      <div class=\"image_browser_images_0\">                  <div class=\"image_browser_image_buttons_conteiner_0\">            <div class=\"image_browser_image_buttons_0\">                            <div class=\"bwg_image_browser_image_0\">                                  <a style=\"position:relative;\"  class=\"bwg-a bwg_lightbox\" data-image-id=\"1627\" data-elementor-open-lightbox=\"no\">                    <img decoding=\"async\" class=\"skip-lazy bwg-item0 bwg_image_browser_img bwg_image_browser_img_0 \"                         src=\"https:\/\/danielthizy.fr\/compostelle\/wp-content\/uploads\/photo-gallery\/Espagne\/Es-etape05\/2010.0507.0806.50.Etape_05.jpg?bwg=1547322048\"                         data-src=\"https:\/\/danielthizy.fr\/compostelle\/wp-content\/uploads\/photo-gallery\/Espagne\/Es-etape05\/2010.0507.0806.50.Etape_05.jpg?bwg=1547322048\"                         alt=\"2010.0507.0806.50.Etape 05\"                         title=\"2010.0507.0806.50.Etape 05\" \/>                  <\/a>                                <\/div>                          <\/div>          <\/div>                <\/div>    <\/div>    <style>      \/*pagination styles*\/      #bwg_container1_0 #bwg_container2_0 .tablenav-pages_0 {\t\t\t\ttext-align: center;\t\t\t\tfont-size: 12px;\t\t\t\tfont-family: Ubuntu;\t\t\t\tfont-weight: bold;\t\t\t\tcolor: #666666;\t\t\t\tmargin: 6px 0 4px;\t\t\t\tdisplay: block;      }      @media only screen and (max-width : 320px) {      #bwg_container1_0 #bwg_container2_0 .displaying-num_0 {     \t display: none;      }      }      #bwg_container1_0 #bwg_container2_0 .displaying-num_0 {\t\t\t\tfont-size: 12px;\t\t\t\tfont-family: Ubuntu;\t\t\t\tfont-weight: bold;\t\t\t\tcolor: #666666;\t\t\t\tmargin-right: 10px;\t\t\t\tvertical-align: middle;      }      #bwg_container1_0 #bwg_container2_0 .paging-input_0 {\t\t\t\tfont-size: 12px;\t\t\t\tfont-family: Ubuntu;\t\t\t\tfont-weight: bold;\t\t\t\tcolor: #666666;\t\t\t\tvertical-align: middle;      }      #bwg_container1_0 #bwg_container2_0 .tablenav-pages_0 a.disabled,      #bwg_container1_0 #bwg_container2_0 .tablenav-pages_0 a.disabled:hover,      #bwg_container1_0 #bwg_container2_0 .tablenav-pages_0 a.disabled:focus,\t\t\t#bwg_container1_0 #bwg_container2_0 .tablenav-pages_0 input.bwg_current_page {\t\t\t\tcursor: default;\t\t\t\tcolor: rgba(102, 102, 102, 0.5);      }      #bwg_container1_0 #bwg_container2_0 .tablenav-pages_0 a,      #bwg_container1_0 #bwg_container2_0 .tablenav-pages_0 input.bwg_current_page {\t\t\t\tcursor: pointer;\t\t\t\ttext-align: center;\t\t\t\tfont-size: 12px;\t\t\t\tfont-family: Ubuntu;\t\t\t\tfont-weight: bold;\t\t\t\tcolor: #666666;\t\t\t\ttext-decoration: none;\t\t\t\tpadding: 3px 6px;\t\t\t\tmargin: 0;\t\t\t\tborder-radius: 0;\t\t\t\tborder-style: none;\t\t\t\tborder-width: 1px;\t\t\t\tborder-color: #E3E3E3;\t\t\t\t\t\t\t\tbackground-color: rgba(252, 252, 252, 1.00);\t\t\t\tbox-shadow: 0;\t\t\t\ttransition: all 0.3s ease 0s;-webkit-transition: all 0.3s ease 0s;      }            #bwg_container1_0 #bwg_container2_0 .tablenav-pages_0 a.next-page:hover,      #bwg_container1_0 #bwg_container2_0 .tablenav-pages_0 a.prev-page:hover {        color: #000000;      }      #bwg_container1_0 #bwg_container2_0 .tablenav-pages_0 .first-page,      #bwg_container1_0 #bwg_container2_0 .tablenav-pages_0 .last-page {        padding: 0% 7%;      }      #bwg_container1_0 #bwg_container2_0 .tablenav-pages_0 .next-page {        margin: 0% 4% 0% 0%;      }      #bwg_container1_0 #bwg_container2_0 .tablenav-pages_0 .prev-page {        margin: 0% 0% 0% 4%;      }      #bwg_container1_0 #bwg_container2_0 .tablenav-pages_0 a {        font-size: 15px !important;        padding: 0% 7% !important;        border-style: none !important;        border-width: 1px;        border-color: #E3E3E3;        background-color: #FCFCFC;        opacity: 1.00;        transition: all 0.3s ease 0s;-webkit-transition: all 0.3s ease 0s;      }      .bwg_image_browser#bwg_container1_0 #bwg_container2_0 .tablenav-pages_0 a {         padding: 0% 11% !important;      }\t\t\t#bwg_container1_0 #bwg_container2_0 .tablenav-pages_0 {        background-color: rgba(255, 255, 255, 0.90);        margin-top: 0;      }      .bwg_image_browser  .pagination-links_0 {        white-space: nowrap;      }      @media screen and (max-width: 465px) {        .bwg_image_browser#bwg_container1_0 #bwg_container2_0 .tablenav-pages_0 a {          padding: 0% 5% !important;          font-size: 13px;        }      }      <\/style>      <span class=\"bwg_nav_cont_0\">              <div class=\"tablenav-pages_0\">                      <span class=\"pagination-links_0 pagination-links\" data-pages-count=\"10\">              <span class=\"pagination-links_col1\">              <a class=\"bwg-a first-page disabled\" title=\"Go to the first page\" >\u00ab<\/a>              <a class=\"bwg-a prev-page disabled\" title=\"Go to the previous page\" >\u2039<\/a>              <\/span>\t\t\t\t\t\t\t<span class=\"pagination-links_col2\">\t\t\t\t\t\t\t\t\t<input type=\"number\" class=\"bwg_current_page\" name=\"bwg_current_page\" value=\"1\" data-url-info=\"page_number_0\" onkeypress=\"return bwg_change_page_0(event, this)\" min=\"1\" oninput=\"validity.valid||(value='')\" \/>\t\t\t\t\t\t\t\t\t\tof\t\t\t\t\t\t\t\t\t\t<span class=\"total-pages_0\">\t\t\t\t\t\t\t\t\t\t\t10\t\t\t\t\t\t\t\t\t\t<\/span>\t\t\t\t\t\t\t<\/span>              <span class=\"pagination-links_col3\">                <a class=\"bwg-a next-page-0\" title=\"Go to the next page\" href=\"\/compostelle\/wp-json\/wp\/v2\/pages\/558?page_number_0=2\">\u203a<\/a>                <a class=\"bwg-a last-page-0\" title=\"Go to the last page\" href=\"\/compostelle\/wp-json\/wp\/v2\/pages\/558?page_number_0=10\">\u00bb<\/a>              <\/span>\t\t\t\t\t\t<\/span>\t\t\t\t\t\t        <\/div>                <input type=\"hidden\" id=\"page_number_0\" name=\"page_number_0\" value=\"1\" \/>      <script type=\"text\/javascript\">        if( jQuery('.bwg_nav_cont_0').length > 1 ) {          jQuery('.bwg_nav_cont_0').first().remove()        }        function spider_page_0(cur, x, y, load_more) {          if (typeof load_more == \"undefined\") {            var load_more = false;          }          if (jQuery(cur).hasClass('disabled')) {            return false;          }          var items_county_0 = 10;          switch (y) {            case 1:              if (x >= items_county_0) {                document.getElementById('page_number_0').value = items_county_0;              }              else {                document.getElementById('page_number_0').value = x + 1;              }              break;            case 2:              document.getElementById('page_number_0').value = items_county_0;              break;            case -1:              if (x == 1) {                document.getElementById('page_number_0').value = 1;              }              else {                document.getElementById('page_number_0').value = x - 1;              }              break;            case -2:              document.getElementById('page_number_0').value = 1;              break;\t\t\t\t\t\tcase 0:              document.getElementById('page_number_0').value = x;              break;            default:              document.getElementById('page_number_0').value = 1;          }          bwg_ajax('gal_front_form_0', '0', 'bwg_image_browser_0', '0', '', 'gallery', 0, '', '', load_more, '', 1);        }                    jQuery('.first-page disabled').on('click', function () {              spider_page_0(this, 1, -2, 'numeric');              return false;            });            jQuery('.prev-page disabled').on('click', function () {              spider_page_0(this, 1, -1, 'numeric');              return false;            });            jQuery('.next-page-0').on('click', function () {              spider_page_0(this, 1, 1, 'numeric');              return false;            });            jQuery('.last-page-0').on('click', function () {              spider_page_0(this, 1, 2, 'numeric');              return false;            });        \t\t\t\t\/* Change page on input enter. *\/        function bwg_change_page_0( e, that ) {          if (  e.key == 'Enter' ) {            var to_page = parseInt(jQuery(that).val());            var pages_count = jQuery(that).parents(\".pagination-links\").data(\"pages-count\");            var current_url_param = jQuery(that).attr('data-url-info');            if (to_page > pages_count) {              to_page = 1;            }\t \t\t\t\t\t\t\t\t\t\t\t\tspider_page_0(this, to_page, 0, 'numeric');\t\t\t\t\t\t\treturn false;\t\t\t\t\t\t          }          return true;        }        jQuery('.bwg_load_btn_0').on('click', function () {            spider_page_0(this, 1, 1, true);            return false;        });      <\/script>      <\/span>                <\/div>        <\/form>        <style>          #bwg_container1_0 #bwg_container2_0 #spider_popup_overlay_0 {          background-color: #000000;          opacity: 0.70;          }          <\/style>        <div id=\"bwg_spider_popup_loading_0\" class=\"bwg_spider_popup_loading\"><\/div>        <div id=\"spider_popup_overlay_0\" class=\"spider_popup_overlay\" onclick=\"spider_destroypopup(1000)\"><\/div>        <input type=\"hidden\" id=\"bwg_random_seed_0\" value=\"808786472\">                <\/div>    <\/div>    <script>      if (document.readyState === 'complete') {        if( typeof bwg_main_ready == 'function' ) {          if ( jQuery(\"#bwg_container1_0\").height() ) {            bwg_main_ready(jQuery(\"#bwg_container1_0\"));          }        }      } else {        document.addEventListener('DOMContentLoaded', function() {          if( typeof bwg_main_ready == 'function' ) {            if ( jQuery(\"#bwg_container1_0\").height() ) {             bwg_main_ready(jQuery(\"#bwg_container1_0\"));            }          }        });      }    <\/script>    \n\n\n\n<h2 class=\"wp-block-heading has-text-align-center\"><em><strong><a href=\"https:\/\/danielthizy.fr\/compostelle\/es-etape-06\/\">Parcourir l&rsquo;\u00e9tape suivante&#8230;<\/a><\/strong><\/em><\/h2>\n","protected":false},"excerpt":{"rendered":"<p>Vendredi 7 Mai&nbsp;2010 Puente la Reina &#8211; Estella . 24 km &#8211; Cumul 118 km Ce con de Yong se l\u00e8ve \u00e0 5h30. Je ne regarde pas ma montre et me l\u00e8ve aussi pensant que 6h sont pass\u00e9es. La moiti\u00e9 du dortoir est d\u00e9j\u00e0 partie. Ils sont tous barjos ! Comme j\u2019ai une barbe de &#8230; <a title=\"Es &#8211; \u00c9tape 05\" class=\"read-more\" href=\"https:\/\/danielthizy.fr\/compostelle\/de-marcenod-a-compostelle\/compostelle-espagne\/es-etape-05\" aria-label=\"En savoir plus sur Es &#8211; \u00c9tape 05\">Lire la suite<\/a><\/p>\n","protected":false},"author":1,"featured_media":0,"parent":377,"menu_order":6,"comment_status":"closed","ping_status":"closed","template":"","meta":{"two_page_speed":[],"footnotes":""},"class_list":["post-558","page","type-page","status-publish"],"_links":{"self":[{"href":"https:\/\/danielthizy.fr\/compostelle\/wp-json\/wp\/v2\/pages\/558","targetHints":{"allow":["GET"]}}],"collection":[{"href":"https:\/\/danielthizy.fr\/compostelle\/wp-json\/wp\/v2\/pages"}],"about":[{"href":"https:\/\/danielthizy.fr\/compostelle\/wp-json\/wp\/v2\/types\/page"}],"author":[{"embeddable":true,"href":"https:\/\/danielthizy.fr\/compostelle\/wp-json\/wp\/v2\/users\/1"}],"replies":[{"embeddable":true,"href":"https:\/\/danielthizy.fr\/compostelle\/wp-json\/wp\/v2\/comments?post=558"}],"version-history":[{"count":8,"href":"https:\/\/danielthizy.fr\/compostelle\/wp-json\/wp\/v2\/pages\/558\/revisions"}],"predecessor-version":[{"id":1810,"href":"https:\/\/danielthizy.fr\/compostelle\/wp-json\/wp\/v2\/pages\/558\/revisions\/1810"}],"up":[{"embeddable":true,"href":"https:\/\/danielthizy.fr\/compostelle\/wp-json\/wp\/v2\/pages\/377"}],"wp:attachment":[{"href":"https:\/\/danielthizy.fr\/compostelle\/wp-json\/wp\/v2\/media?parent=558"}],"curies":[{"name":"wp","href":"https:\/\/api.w.org\/{rel}","templated":true}]}}