{"id":628,"date":"2019-01-13T20:06:23","date_gmt":"2019-01-13T20:06:23","guid":{"rendered":"http:\/\/www.danielthizy.fr\/?page_id=628"},"modified":"2021-03-04T18:32:12","modified_gmt":"2021-03-04T22:32:12","slug":"es-etape-31","status":"publish","type":"page","link":"https:\/\/danielthizy.fr\/compostelle\/de-marcenod-a-compostelle\/compostelle-espagne\/es-etape-31","title":{"rendered":"Es &#8211; \u00c9tape 31"},"content":{"rendered":"\n<p class=\"has-text-color\" style=\"color:#006da3;font-size:25px\"><strong>Mercredi 2 juin 2010<\/strong><em><br> <\/em><strong><a href=\"https:\/\/fr.wikipedia.org\/wiki\/Saint-Jacques-de-Compostelle#\/media\/Fichier:Catedral_de_Santiago_de_Compostela_-_panoramio.jpg\" target=\"_blank\" rel=\"noreferrer noopener\">Santiago<\/a><\/strong><em><br> <\/em><strong>0 km &#8211; Cumul 812 km<\/strong><\/p>\n\n\n\n<p class=\"has-drop-cap\">P<br><br><br>remier matin \u00e0 ne pas devoir se lever \u00e0 6h et marcher dans la froidure avec souvent rien dans le ventre et un sac sur les \u00e9paules. Premier jour \u00e0 ne pas compter les kilom\u00e8tres, les villages travers\u00e9s et les heures de marche\u2026 un d\u00e9lice !<\/p>\n\n\n\n<p>Nous sommes all\u00e9s prendre nos billets de retour \u00e0 l\u2019agence\ndont nous avons trouv\u00e9 les prospectus au Seminario. Yong veut\nabsolument s\u2019arr\u00eater \u00e0 Paris avant de regagner Londres o\u00f9\ntravaille sa fille, et S\u00e9oul le 12 juin. Moi, Lyon ou St Etienne en\nfonction du mode de transport. La jeune fille \u00e0 l\u2019agence, tr\u00e8s\nserviable, et tr\u00e8s joli, ce qui ne g\u00e2te rien, examine toutes les\npossibilit\u00e9s en fonction de notre date de retour de Fisterra samedi\nsoir 5 juin. Le dimanche 6 s\u2019av\u00e8re le meilleur compromis\nprix\/confort pour Yong : 182\u20ac par Vuelling, Santiago \u2013 Charles de\nGaulle Airport. Pour moi, la solution avion ne m\u2019appara\u00eet pas tr\u00e8s\npratique : Une nuit de bus pour me rendre de Santiago \u00e0 Madrid, et\nun vol EasyJet Madrid \u2013 Lyon pour 110\u20ac au total. La solution tout\nbus me para\u00eet pr\u00e9f\u00e9rable, mais la compagnie ALSA ne fonctionne pas\nle dimanche. Je devrai donc attendre le lundi pour faire Santiago \u2013\nLyon en 27h de bus via un changement \u00e0 Suco pr\u00e8s de Burgos pour\n113\u20ac. Ce qui est curieux, c\u2019est que Santiago \u2013 Lyon ou Santiago\n\u2013 Paris co\u00fbtent exactement le m\u00eame prix 113\u20ac, alors qu\u2019il y a\n500 km de diff\u00e9rence !&#8230; La solution train est plus al\u00e9atoire car\naucune agence n\u2019a de visibilit\u00e9 sur le r\u00e9seau SNCF (vive la\nconcurrence !) et ne peut d\u00e9livrer que le trajet Santiago \u2013\nHendaye \u00e0 52\u20ac. Compte tenu de la politique tarifaire fantaisiste\nde notre SNCF, j\u2019ai pr\u00e9f\u00e9r\u00e9 \u00e9liminer cette option.<\/p>\n\n\n\n<p>Apr\u00e8s l\u2019agence, nous retournons \u00e0 la cath\u00e9drale pour assister\n\u00e0 la messe de midi en esp\u00e9rant voir fonctionner ce fameux \u00ab\nBotafumeiro \u00bb, mais il n\u2019en sera rien. La plus grande partie de la\nc\u00e9r\u00e9monie, c\u00e9l\u00e9br\u00e9e par l\u2019\u00e9v\u00eaque assist\u00e9 d\u2019une dizaine de\npr\u00eatres, se d\u00e9roulera en latin, ce qui permet \u00e0 la foule\nh\u00e9t\u00e9roclite des p\u00e8lerins de participer, du moins ceux qui se\nsouviennent de cette \u00e9poque.<\/p>\n\n\n\n<p>Nous faisons ensuite quelques photos autour de la cath\u00e9drale, et\nrentrons d\u00e9jeuner \u00e0 notre bar restaurant d\u2019hier au soir. En\nsortant du restaurant, nous allons faire un tour \u00e0 la gare routi\u00e8re\ntoute proche pour reconna\u00eetre les lieux de notre d\u00e9part d\u00e9finitif,\net regagnons ensuite l\u2019albergue pour nous reposer un peu. En\npassant devant une \u00e9picerie, nous achetons des fruits, 2 bi\u00e8res et\nune bouteille de Rioja pour le repas de ce soir.<\/p>\n\n\n\n<p>En ouvrant ma bi\u00e8re, je me rends compte qu\u2019il s\u2019agit de bi\u00e8re\nsans alcool\u2026 imbuvable ! Nous laisserons la deuxi\u00e8me sur la table\nde l\u2019albergue pour qu\u2019un amateur \u00e9ventuel puisse en profiter.\nL\u2019albergue dispose d\u2019un petit supermarch\u00e9 en sous-sol qui rec\u00e8le\ntout ce qu\u2019il faut pour survivre, m\u00eame des couverts en plastique\net du pain (de mie, bien s\u00fbr!) La bi\u00e8re est sans alcool. Le\ndistributeur de boissons d\u00e9livre pour 5 centimes d&rsquo;euro des gobelets\n\u00e0 l\u2019unit\u00e9. Tous les jours, des sorties en bus vers Fisterra sont\norganis\u00e9es pour 25\u20ac, mais pour nous, il n\u2019est \u00e9videmment pas\nquestion de c\u00e9der \u00e0 cette facilit\u00e9.<\/p>\n\n\n\n<p>A Villafranca del Bierzo, je m\u2019\u00e9tais pes\u00e9 chez Jesus JATO,\nmais j\u2019avais des doutes sur l\u2019exactitude de la balance. Ce matin,\nen passant devant une pharmacie, j\u2019ai voulu v\u00e9rifier : la balance\nm\u2019annonce 66,5 kg habill\u00e9, ce qui fait environ 65 kg \u00e0 poil. J\u2019ai\ndonc bien perdu 10 kg depuis St Jean Pied de Port. Yong, lui, en a\nperdu 8. L\u2019activit\u00e9, mais aussi le temps doit y \u00eatre pour\nbeaucoup.<\/p>\n\n\n\n<p><strong>Le Botafumeiro, encensoir en laiton argent\u00e9, haut de 1,60 m et pesant 54 kg (\u0153uvre de l&rsquo;orf\u00e8vre Losada 1851)&#8230;<\/strong><\/p>\n\n\n\n<figure class=\"wp-block-embed is-type-video is-provider-youtube wp-block-embed-youtube wp-embed-aspect-4-3 wp-has-aspect-ratio\"><div class=\"wp-block-embed__wrapper\">\n<iframe loading=\"lazy\" width=\"1200\" height=\"900\" src=\"https:\/\/www.youtube.com\/embed\/Xb_uJMvwgxE?feature=oembed\" frameborder=\"0\" allow=\"accelerometer; autoplay; encrypted-media; gyroscope; picture-in-picture\" allowfullscreen><\/iframe>\n<\/div><\/figure>\n\n\n\n<p><strong>20 minutes sur le Camino Franc\u00e9s&#8230;<\/strong><\/p>\n\n\n\n<figure class=\"wp-block-embed is-type-video is-provider-youtube wp-block-embed-youtube wp-embed-aspect-16-9 wp-has-aspect-ratio\"><div class=\"wp-block-embed__wrapper\">\n<iframe loading=\"lazy\" width=\"1200\" height=\"675\" src=\"https:\/\/www.youtube.com\/embed\/7UiqydHaMLA?feature=oembed\" frameborder=\"0\" allow=\"accelerometer; autoplay; encrypted-media; gyroscope; picture-in-picture\" allowfullscreen><\/iframe>\n<\/div><\/figure>\n\n\n\n<h2 class=\"has-text-align-center wp-block-heading\"><em><strong><a href=\"https:\/\/danielthizy.fr\/compostelle\/es-etape-32\/\">Parcourir l&rsquo;\u00e9tape suivante&#8230;<\/a><\/strong><\/em><\/h2>\n","protected":false},"excerpt":{"rendered":"<p>Mercredi 2 juin 2010 Santiago 0 km &#8211; Cumul 812 km P remier matin \u00e0 ne pas devoir se lever \u00e0 6h et marcher dans la froidure avec souvent rien dans le ventre et un sac sur les \u00e9paules. Premier jour \u00e0 ne pas compter les kilom\u00e8tres, les villages travers\u00e9s et les heures de marche\u2026 &#8230; <a title=\"Es &#8211; \u00c9tape 31\" class=\"read-more\" href=\"https:\/\/danielthizy.fr\/compostelle\/de-marcenod-a-compostelle\/compostelle-espagne\/es-etape-31\" aria-label=\"En savoir plus sur Es &#8211; \u00c9tape 31\">Lire la suite<\/a><\/p>\n","protected":false},"author":1,"featured_media":0,"parent":377,"menu_order":32,"comment_status":"closed","ping_status":"closed","template":"","meta":{"two_page_speed":[],"footnotes":""},"class_list":["post-628","page","type-page","status-publish"],"_links":{"self":[{"href":"https:\/\/danielthizy.fr\/compostelle\/wp-json\/wp\/v2\/pages\/628","targetHints":{"allow":["GET"]}}],"collection":[{"href":"https:\/\/danielthizy.fr\/compostelle\/wp-json\/wp\/v2\/pages"}],"about":[{"href":"https:\/\/danielthizy.fr\/compostelle\/wp-json\/wp\/v2\/types\/page"}],"author":[{"embeddable":true,"href":"https:\/\/danielthizy.fr\/compostelle\/wp-json\/wp\/v2\/users\/1"}],"replies":[{"embeddable":true,"href":"https:\/\/danielthizy.fr\/compostelle\/wp-json\/wp\/v2\/comments?post=628"}],"version-history":[{"count":6,"href":"https:\/\/danielthizy.fr\/compostelle\/wp-json\/wp\/v2\/pages\/628\/revisions"}],"predecessor-version":[{"id":1510,"href":"https:\/\/danielthizy.fr\/compostelle\/wp-json\/wp\/v2\/pages\/628\/revisions\/1510"}],"up":[{"embeddable":true,"href":"https:\/\/danielthizy.fr\/compostelle\/wp-json\/wp\/v2\/pages\/377"}],"wp:attachment":[{"href":"https:\/\/danielthizy.fr\/compostelle\/wp-json\/wp\/v2\/media?parent=628"}],"curies":[{"name":"wp","href":"https:\/\/api.w.org\/{rel}","templated":true}]}}