{"id":891,"date":"2019-01-14T20:27:12","date_gmt":"2019-01-15T00:27:12","guid":{"rendered":"http:\/\/www.danielthizy.fr\/?page_id=891"},"modified":"2021-03-26T17:08:59","modified_gmt":"2021-03-26T21:08:59","slug":"renommer-par-lots","status":"publish","type":"page","link":"https:\/\/danielthizy.fr\/compostelle\/de-marcenod-a-compostelle\/tuto-xnview\/renommer-par-lots","title":{"rendered":"Renommer vos photos par lots"},"content":{"rendered":"\n<p><em>Renommer\nvos fichiers avec des noms parlants qui vous permettent ensuite de\nles classer dans les dossiers que vous avez cr\u00e9\u00e9s et dans l&rsquo;ordre\nvoulu.<br>\nPositionnez-vous sur le dossier dont vous voulez renommer\nles fichiers.<\/em><\/p>\n\n\n\n<p><strong>S\u00e9lection des fichiers:<\/strong><br>\nSi tous les\nfichiers sont \u00e0 renommer, la fa\u00e7on la plus simple de tous les\ns\u00e9lectionner, c&rsquo;est de faire \u00ab\u00a0Ctrl A\u00a0\u00bb (Tenir la touche\n\u00ab\u00a0Ctrl\u00a0\u00bb enfonc\u00e9e et appuyez sur la touche \u00ab\u00a0A\u00a0\u00bb).\nVous pouvez aussi cliquer sur le 1er fichier, tenir la touche Maj\nenfonc\u00e9e, et cliquer sur le dernier fichier. Les 2 m\u00e9thodes sont\n\u00e9quivalentes.<br>\nSi seulement certains fichiers sont \u00e0 renommer,\nil faut cliquer sur le 1er fichier \u00e0 s\u00e9lectionner, tenir la touche\nCtrl enfonc\u00e9e, et cliquer ensuite sur chacun des autres fichiers \u00e0\ns\u00e9lectionner.<\/p>\n\n\n\n<p>Lorsque les fichiers sont s\u00e9lectionn\u00e9s (mis en surbrillance),\n<br>\non clique droit sur l&rsquo;un d&rsquo;entre eux et l&rsquo;on choisit l&rsquo;item\n\u00ab\u00a0Renommer par lot\u00a0\u00bb.<br>\nOn obtient la bo\u00eete de dialogue\nsuivante&#8230;<\/p>\n\n\n\n<figure class=\"wp-block-image\"><img loading=\"lazy\" decoding=\"async\" width=\"554\" height=\"499\" src=\"https:\/\/localhost\/compostelle\/wp-content\/uploads\/2019\/01\/XnView-05-renommer-par-lot01.jpg\" alt=\"XnView-05-renommer par lot01\" class=\"wp-image-874\" srcset=\"https:\/\/danielthizy.fr\/compostelle\/wp-content\/uploads\/2019\/01\/XnView-05-renommer-par-lot01.jpg 554w, https:\/\/danielthizy.fr\/compostelle\/wp-content\/uploads\/2019\/01\/XnView-05-renommer-par-lot01-300x270.jpg 300w\" sizes=\"auto, (max-width: 554px) 100vw, 554px\" \/><\/figure>\n\n\n\n<p>Imaginons maintenant que l&rsquo;on veuille avoir dans le nom de fichier\nla date et l&rsquo;heure, minute, seconde de prise de vue (ces param\u00e8tres\nsont contenues dans les donn\u00e9es EXIF de chaque photo). Ce genre de\nnom est tr\u00e8s pratique pour classer ses photos par ordre\nchronologique (Ceci n\u00e9cessite bien s\u00fbr que l&rsquo;APN &#8211; Appareil Photo\nNum\u00e9rique &#8211; ait \u00e9t\u00e9 r\u00e9gl\u00e9 correctement lors de la prise de\nvue).<br>\nOn veillera \u00e0 ce que la case \u00ab\u00a0Mod\u00e8le de nom\u00a0\u00bb\nsoit coch\u00e9e et on effacera \u00e9ventuellement le contenu du cartouche\nsitu\u00e9 en dessous s&rsquo;il n&rsquo;est pas vide. Dans notre exemple, on efface\n\u00ab\u00a0Sample-#####\u00a0\u00bb.<br>\nOn clique ensuite sur\nIns\u00e9rer\/Exif-Image\/Date-heure d&rsquo;origine&#8230;<\/p>\n\n\n\n<figure class=\"wp-block-image\"><img loading=\"lazy\" decoding=\"async\" width=\"1024\" height=\"576\" src=\"https:\/\/localhost\/compostelle\/wp-content\/uploads\/2019\/01\/XnView-05-renommer-par-lot02-1024x576.jpg\" alt=\"XnView-05-renommer par lot02\" class=\"wp-image-875\" srcset=\"https:\/\/danielthizy.fr\/compostelle\/wp-content\/uploads\/2019\/01\/XnView-05-renommer-par-lot02-1024x576.jpg 1024w, https:\/\/danielthizy.fr\/compostelle\/wp-content\/uploads\/2019\/01\/XnView-05-renommer-par-lot02-300x169.jpg 300w, https:\/\/danielthizy.fr\/compostelle\/wp-content\/uploads\/2019\/01\/XnView-05-renommer-par-lot02-768x432.jpg 768w, https:\/\/danielthizy.fr\/compostelle\/wp-content\/uploads\/2019\/01\/XnView-05-renommer-par-lot02.jpg 1920w\" sizes=\"auto, (max-width: 1024px) 100vw, 1024px\" \/><\/figure>\n\n\n\n<p>En cliquant sur Renommer, on obtient le r\u00e9sultat suivant&#8230;<\/p>\n\n\n\n<figure class=\"wp-block-image\"><img loading=\"lazy\" decoding=\"async\" width=\"560\" height=\"501\" src=\"https:\/\/localhost\/compostelle\/wp-content\/uploads\/2019\/01\/XnView-05-renommer-par-lot03.jpg\" alt=\"XnView-05-renommer par lot03\" class=\"wp-image-876\" srcset=\"https:\/\/danielthizy.fr\/compostelle\/wp-content\/uploads\/2019\/01\/XnView-05-renommer-par-lot03.jpg 560w, https:\/\/danielthizy.fr\/compostelle\/wp-content\/uploads\/2019\/01\/XnView-05-renommer-par-lot03-300x268.jpg 300w\" sizes=\"auto, (max-width: 560px) 100vw, 560px\" \/><\/figure>\n\n\n\n<p>Dans la case Mod\u00e8le du nom, on peut faire varier le contenu entre\ncrochet [&#8230;] en supprimant par exemple le tiret entre m et d\n(month-day) et entre H et M (hour-minute), en rempla\u00e7ant aussi le\ntiret entre Y et m et le tiret-bas (_) entre d et H par un point (.).\nOn peut aussi rajouter apr\u00e8s le S (seconde) un espace, et enfin du\ntexte apr\u00e8s le &gt;.<br>\nCe qui donnera le r\u00e9sultat suivant&#8230;<\/p>\n\n\n\n<figure class=\"wp-block-image\"><img loading=\"lazy\" decoding=\"async\" width=\"556\" height=\"505\" src=\"https:\/\/localhost\/compostelle\/wp-content\/uploads\/2019\/01\/XnView-05-renommer-par-lot04.jpg\" alt=\"XnView-05-renommer par lot04\" class=\"wp-image-877\" srcset=\"https:\/\/danielthizy.fr\/compostelle\/wp-content\/uploads\/2019\/01\/XnView-05-renommer-par-lot04.jpg 556w, https:\/\/danielthizy.fr\/compostelle\/wp-content\/uploads\/2019\/01\/XnView-05-renommer-par-lot04-300x272.jpg 300w\" sizes=\"auto, (max-width: 556px) 100vw, 556px\" \/><\/figure>\n\n\n\n<p>Voil\u00e0, il suffit de copier des photos dans un r\u00e9pertoire de\ntravail pour tester toutes les riches fonctionnalit\u00e9s de XnView.<br>\n.<\/p>\n\n\n\n<h2 class=\"wp-block-heading\"><em>LUPAS RENAME<\/em><\/h2>\n\n\n\n<p>Si XnView ne r\u00e9pond pas \u00e0 l&rsquo;ensemble de vos besoins en terme de\nrenommage, vous pouvez utiliser un petit utilitaire (en fran\u00e7ais)\ntr\u00e8s facile d&rsquo;acc\u00e8s \u00ab\u00a0Lupas Rename\u00a0\u00bb.<br>\nVoici un aper\u00e7u\nde son \u00e9cran d&rsquo;accueil&#8230;<\/p>\n\n\n\n<figure class=\"wp-block-image\"><img loading=\"lazy\" decoding=\"async\" width=\"1024\" height=\"576\" src=\"https:\/\/localhost\/compostelle\/wp-content\/uploads\/2019\/01\/Lupas-Rename-1024x576.jpg\" alt=\"Lupas-Rename\" class=\"wp-image-854\" srcset=\"https:\/\/danielthizy.fr\/compostelle\/wp-content\/uploads\/2019\/01\/Lupas-Rename-1024x576.jpg 1024w, https:\/\/danielthizy.fr\/compostelle\/wp-content\/uploads\/2019\/01\/Lupas-Rename-300x169.jpg 300w, https:\/\/danielthizy.fr\/compostelle\/wp-content\/uploads\/2019\/01\/Lupas-Rename-768x432.jpg 768w, https:\/\/danielthizy.fr\/compostelle\/wp-content\/uploads\/2019\/01\/Lupas-Rename.jpg 1422w\" sizes=\"auto, (max-width: 1024px) 100vw, 1024px\" \/><\/figure>\n\n\n\n<p>Et un lien pour le t\u00e9l\u00e9charger&#8230; <a href=\"http:\/\/www.clubic.com\/lancer-le-telechargement-9796-0-lupas-rename.html\" target=\"_blank\" rel=\"noreferrer noopener\" aria-label=\" (s\u2019ouvre dans un nouvel onglet)\">Lupas Rename<\/a><\/p>\n\n\n\n<h2 class=\"has-text-align-center wp-block-heading\"><em><strong><a href=\"https:\/\/danielthizy.fr\/compostelle\/de-marcenod-a-compostelle\/tuto-xnview\/redimensionner-alleger\">Redimensionner \/ all\u00e9ger vos photos&#8230;<\/a><\/strong><\/em><\/h2>\n","protected":false},"excerpt":{"rendered":"<p>Renommer vos fichiers avec des noms parlants qui vous permettent ensuite de les classer dans les dossiers que vous avez cr\u00e9\u00e9s et dans l&rsquo;ordre voulu. Positionnez-vous sur le dossier dont vous voulez renommer les fichiers. S\u00e9lection des fichiers: Si tous les fichiers sont \u00e0 renommer, la fa\u00e7on la plus simple de tous les s\u00e9lectionner, c&rsquo;est &#8230; <a title=\"Renommer vos photos par lots\" class=\"read-more\" href=\"https:\/\/danielthizy.fr\/compostelle\/de-marcenod-a-compostelle\/tuto-xnview\/renommer-par-lots\" aria-label=\"En savoir plus sur Renommer vos photos par lots\">Lire la suite<\/a><\/p>\n","protected":false},"author":1,"featured_media":0,"parent":756,"menu_order":4,"comment_status":"closed","ping_status":"closed","template":"","meta":{"two_page_speed":[],"footnotes":""},"class_list":["post-891","page","type-page","status-publish"],"_links":{"self":[{"href":"https:\/\/danielthizy.fr\/compostelle\/wp-json\/wp\/v2\/pages\/891","targetHints":{"allow":["GET"]}}],"collection":[{"href":"https:\/\/danielthizy.fr\/compostelle\/wp-json\/wp\/v2\/pages"}],"about":[{"href":"https:\/\/danielthizy.fr\/compostelle\/wp-json\/wp\/v2\/types\/page"}],"author":[{"embeddable":true,"href":"https:\/\/danielthizy.fr\/compostelle\/wp-json\/wp\/v2\/users\/1"}],"replies":[{"embeddable":true,"href":"https:\/\/danielthizy.fr\/compostelle\/wp-json\/wp\/v2\/comments?post=891"}],"version-history":[{"count":11,"href":"https:\/\/danielthizy.fr\/compostelle\/wp-json\/wp\/v2\/pages\/891\/revisions"}],"predecessor-version":[{"id":1545,"href":"https:\/\/danielthizy.fr\/compostelle\/wp-json\/wp\/v2\/pages\/891\/revisions\/1545"}],"up":[{"embeddable":true,"href":"https:\/\/danielthizy.fr\/compostelle\/wp-json\/wp\/v2\/pages\/756"}],"wp:attachment":[{"href":"https:\/\/danielthizy.fr\/compostelle\/wp-json\/wp\/v2\/media?parent=891"}],"curies":[{"name":"wp","href":"https:\/\/api.w.org\/{rel}","templated":true}]}}